{"id":2,"date":"2019-05-15T15:35:06","date_gmt":"2019-05-15T15:35:06","guid":{"rendered":"https:\/\/www.wj-organspende.de\/?page_id=2"},"modified":"2019-07-29T12:35:17","modified_gmt":"2019-07-29T10:35:17","slug":"organspende-info","status":"publish","type":"page","link":"https:\/\/www.wj-organspende.de\/de_DE\/organspende-info\/","title":{"rendered":"Organspende-Info"},"content":{"rendered":"\n<h2>Werde Lebensretter &#8211; Werde Organspender!<\/h2>\n\n<p>Hol Dir den neuen WJ Organspendeausweis! <br \/>Organspende geht uns alle an! Deshalb bitten wir Dich um Deine Entscheidung \u2013 hol Dir den offiziellen WJ Organspendeausweis.<\/p>\n\n<div class=\"wp-block-button aligncenter\"><a class=\"wp-block-button__link\" href=\"https:\/\/www.wj-organspende.de\/#download\">Hier Infos anfordern<\/a><\/div>\n\n<p>In Deutschland stehen etwa 9.500 Menschen auf der Warteliste f\u00fcr ein Spenderorgan. Damit ist Deutschland f\u00fchrend &#8211; leider nur mit den meisten Patientinnen und Patienten auf der Warteliste im Vergleich zu anderen Mitgliedsstaaten des Eurotransplant-Verbunds. Dies m\u00fcssen wir mit Eurer Hilfe \u00e4ndern, egal f\u00fcr welchen Weg die Politik sich entscheidet.<\/p>\n\n<p>Jedes Jahr kommen neue Patienten hinzu, die dringend ein Organ ben\u00f6tigen. So wurden im Jahr 2018 rund 5.000 Personen neu auf die Warteliste aufgenommen. Nur ca. 10% der Patienten auf der Warteliste konnten in 2018 tats\u00e4chlich ein Spenderorgan erhalten. Im selben Zeitraum sind leider 901 Menschen \u2013 also weitere fast 10% &#8211; verstorben, die auf ein Spenderorgan gewartet haben. Die meisten Patienten warten auf eine Nierentransplantation, einige auch auf eine kombinierte Transplantation mehrerer Organe. Die gro\u00dfe Mehrheit der Menschen in Deutschland steht einer Organ- und Gewebespende positiv gegen\u00fcber, jedoch haben nur 39% ihre Entscheidung schriftlich festgehalten in einem Organspendeausweis oder einer Patientenverf\u00fcgung. Fast die H\u00e4lfte der Personen, die noch keine Entscheidung getroffen haben, begr\u00fcnden dies damit, sich bisher zu wenig mit dem Thema besch\u00e4ftigt zu haben.\u00a0 Dies m\u00f6chten wir \u00e4ndern und Deine Aufmerksamkeit auf dieses wichtige Thema lenken!<\/p>\n\n<h4><strong>Egal, wie Du Dich entscheidest: Schaff Klarheit und dokumentiere Deine Entscheidung \u2013 am besten auf dem WJ Organspendeausweis. So stellst Du sicher, dass Dein Wunsch bekannt ist und ber\u00fccksichtigt wird.<\/strong><\/h4>\n\n<p>Mehr Infos zur Organspende gibt&#8217;s unter <a href=\"http:\/\/www.organspende-info.de\" target=\"_blank\" rel=\"noreferrer noopener\" aria-label=\"www.organspende-info.de (\u00f6ffnet in neuem Tab)\">www.organspende-info.de<\/a><\/p>\n\n<h2><strong>Eurotransplant<\/strong><\/h2>\n\n<p><strong>\u201eDer Rauswurf aus Eurotransplant steht bald bevor, wenn die Zahl der Spender in Deutschland nicht steigt\u2026\u201c,<\/strong> sagt ein erfahrener Transplantationsarzt, der namentlich nicht \u00f6ffentlich genannt werden m\u00f6chte. Eine offizielle Information fehlt, jedoch ist bekannt: Deutschland hat zu wenig Spender und braucht mehr Organe aus dem Ausland als es abgibt. Nur wenn m\u00f6glichst viele potentielle Spender zur Verf\u00fcgung stehen, kann einem Patienten, etwa bei akutem Leberversagen, innerhalb k\u00fcrzester Zeit das \u00fcberlebensnotwendige und f\u00fcr ihn passende Organ zur Verf\u00fcgung gestellt werden. Je kleiner der Spenderpool, desto geringer ist seine \u00dcberlebenschance. Das gleiche gilt f\u00fcr Kranke, die seltene Blutgruppen und Gewebetypen haben.<\/p>\n\n<p>Eurotransplant ist eine 1967 von Jon van Rood gegr\u00fcndete Stiftung mit Sitz in Leiden (Niederlande). Sie ist die Vermittlungsstelle f\u00fcr Organspenden in den Benelux-L\u00e4ndern, Deutschland, \u00d6sterreich, Slowenien, Kroatien und Ungarn. An der internationalen Zusammenarbeit dieser L\u00e4nder sind alle Transplantationszentren, Gewebetypisierungslaboratorien und Krankenh\u00e4user, in denen Organspenden durchgef\u00fchrt werden, beteiligt. Vorrangiges Ziel ist die optimale Verf\u00fcgbarkeit von Spenderorganen beziehungsweise -geweben. Weitere Ziele sind unter anderem die F\u00f6rderung von Forschungen zur Verbesserung der Transplantationsergebnisse sowie die Erh\u00f6hung der Anzahl von verf\u00fcgbaren Organen oder Geweben durch Werbung.<\/p>\n\n<p>Zwischen 1967 und 2007 hat die Organisation 122.000 Menschen durch die Vermittlung eines Spenderorgans helfen k\u00f6nnen. In diesen 40 Jahren wurden im Eurotransplant-Gebiet mehr als 14.000 Herzen, 4000 Lungen, 79.000 Nieren, 21.000 Lebern und 4200 Bauchspeicheldr\u00fcsen transplantiert. (Quelle: Wikipedia)<\/p>\n\n<div class=\"wp-block-button aligncenter\"><a class=\"wp-block-button__link\" href=\"https:\/\/www.wj-organspende.de\/#download\">Hier Infos anfordern<\/a><\/div>\n\n<h4><strong>Organspendeskepsis in Deutschland? <\/strong><\/h4>\n\n<p>Die Gr\u00fcnde, warum sich die Befragten f\u00fcr oder gegen eine Organ- und Gewebespende entscheiden oder noch keine Entscheidung getroffen haben, sind vielf\u00e4ltig. Aus einer repr\u00e4sentativen Studie* geht hervor, dass mit 84% die gro\u00dfe Mehrheit der Menschen in Deutschland einer Organ- und Gewebespende positiv gegen\u00fcber steht, jedoch nur 39% ihre Entscheidung schriftlich festgehalten in einem Organspendeausweis oder einer Patientenverf\u00fcgung haben.<\/p>\n\n<p>Die Gr\u00fcnde, warum sich Menschen f\u00fcr oder gegen eine Organ- und Gewebespende entscheiden, sind vielf\u00e4ltig. Die Bef\u00fcrworter m\u00f6chten mehrheitlich anderen helfen und ihrem Tod einen Sinn geben. Die Personen, die sich gegen eine Organ- und Gewebespende entschieden haben, nehmen an, f\u00fcr eine Spende nicht geeignet zu sein, oder bef\u00fcrchten Missbrauch.<\/p>\n\n<p>Auf die Frage nach den Motiven f\u00fcr die Zustimmung zur Organ- und Gewebespende im Organspendeausweis geben 73 Prozent an, dass sie anderen Menschen helfen und durch die Spende ihrem eigenen Tod einen Sinn geben wollen. 24 Prozent der Befragten, die sich auf ihrem Organspendeausweis gegen eine postmortale Organ- und Gewebespende entschieden haben, glauben, nicht als Spenderin oder Spender geeignet zu sein. 22 Prozent \u00e4u\u00dfern Angst vor Missbrauch beziehungsweise mangelndes Vertrauen aufgrund negativer Berichterstattung als Grund daf\u00fcr, eine Spende abzulehnen.<\/p>\n\n<p>Fast die H\u00e4lfte der Personen, die noch keine Entscheidung getroffen haben (43 Prozent), begr\u00fcnden dies damit, sich bisher zu wenig mit dem Thema besch\u00e4ftigt zu haben. 17 Prozent nehmen an, nicht als Spenderin oder als Spender geeignet zu sein.<\/p>\n\n<p><strong>Wir m\u00f6chten Dich anregen, dar\u00fcber zu entscheiden, ob ihr Organspender sein m\u00f6chtet oder nicht. M\u00f6chtest Du einer Organ- und Gewebespende uneingeschr\u00e4nkt zustimmen oder lehnst Du eine Spende ab? M\u00f6chtest Du nur bestimmte Organe und Gewebe freigeben oder soll eine andere Person in Deinem Namen entscheiden? Deine klare Entscheidung hilft allen potentiellen Organempf\u00e4ngern und im Zweifel auch Euren Angeh\u00f6rigen. <\/strong><\/p>\n\n<h4><strong>Egal, wie Du Dich entscheidest: Schaff Klarheit und dokumentiere Deine Entscheidung\u00a0 \u2013 am besten auf dem WJ Organspendeausweis. So stellst Du sicher, dass Dein Wunsch bekannt ist und ber\u00fccksichtigt wird.<\/strong><\/h4>\n\n<div class=\"wp-block-button aligncenter\"><a class=\"wp-block-button__link\" href=\"https:\/\/www.wj-organspende.de\/#download\">Hier Infos anfordern<\/a><\/div>\n\n<p>* F\u00fcr die bundesweite repr\u00e4sentative Studie &#8222;Wissen, Einstellung und Verhalten der Allgemeinbev\u00f6lkerung zur Organ- und Gewebespende 2018&#8220; hat die Bundeszentrale f\u00fcr gesundheitliche Aufkl\u00e4rung von November 2017 bis Februar 2018 4.001 B\u00fcrgerinnen und B\u00fcrger im Alter von 14 bis 75 Jahren telefonisch befragt.<\/p>\n","protected":false},"excerpt":{"rendered":"<p><!-- wp:heading --><\/p>\n<h2>Werde Lebensretter &#8211; Werde Organspender!<\/h2>\n<p><!-- \/wp:heading --><!-- wp:paragraph --><\/p>\n<p>Hol Dir den neuen WJ Organspendeausweis! <br \/>Organspende geht uns alle an! Deshalb bitten wir Dich um Deine Entscheidung \u2013 hol Dir de&#8230;<\/p>\n","protected":false},"author":1,"featured_media":0,"parent":0,"menu_order":0,"comment_status":"closed","ping_status":"open","template":"","meta":[],"_links":{"self":[{"href":"https:\/\/www.wj-organspende.de\/de_DE\/wp-json\/wp\/v2\/pages\/2"}],"collection":[{"href":"https:\/\/www.wj-organspende.de\/de_DE\/wp-json\/wp\/v2\/pages"}],"about":[{"href":"https:\/\/www.wj-organspende.de\/de_DE\/wp-json\/wp\/v2\/types\/page"}],"author":[{"embeddable":true,"href":"https:\/\/www.wj-organspende.de\/de_DE\/wp-json\/wp\/v2\/users\/1"}],"replies":[{"embeddable":true,"href":"https:\/\/www.wj-organspende.de\/de_DE\/wp-json\/wp\/v2\/comments?post=2"}],"version-history":[{"count":16,"href":"https:\/\/www.wj-organspende.de\/de_DE\/wp-json\/wp\/v2\/pages\/2\/revisions"}],"predecessor-version":[{"id":646,"href":"https:\/\/www.wj-organspende.de\/de_DE\/wp-json\/wp\/v2\/pages\/2\/revisions\/646"}],"wp:attachment":[{"href":"https:\/\/www.wj-organspende.de\/de_DE\/wp-json\/wp\/v2\/media?parent=2"}],"curies":[{"name":"wp","href":"https:\/\/api.w.org\/{rel}","templated":true}]}}