{"id":322,"date":"2019-06-14T16:29:42","date_gmt":"2019-06-14T14:29:42","guid":{"rendered":"https:\/\/www.wj-organspende.de\/?page_id=322"},"modified":"2019-06-14T16:29:42","modified_gmt":"2019-06-14T14:29:42","slug":"sebastian-doeberl-testimonial","status":"publish","type":"page","link":"https:\/\/www.wj-organspende.de\/de_DE\/sebastian-doeberl-testimonial\/","title":{"rendered":"Sebastian D\u00f6berl (Testimonial)"},"content":{"rendered":"\n<p>Servus, ich bin Sebastian! Gerne unterst\u00fctze ich diese tolle Aktion der KJU Iserlohn. <\/p>\n\n\n\n<figure class=\"wp-block-image\"><img loading=\"lazy\" width=\"160\" height=\"160\" src=\"https:\/\/www.wj-organspende.de\/wp-content\/uploads\/2019\/06\/Sebastian-D\u00f6berl.jpg\" alt=\"\" class=\"wp-image-319\" srcset=\"https:\/\/www.wj-organspende.de\/wp-content\/uploads\/2019\/06\/Sebastian-D\u00f6berl.jpg 160w, https:\/\/www.wj-organspende.de\/wp-content\/uploads\/2019\/06\/Sebastian-D\u00f6berl-150x150.jpg 150w\" sizes=\"(max-width: 160px) 100vw, 160px\" \/><\/figure>\n\n\n\n<p>Als Wolf Goertz, unser Ressortleiter Unternehmertum, auf einer           Bundesvorstandssitzung im Fr\u00fchjahr 2019 das Thema Organspende           zur Sprache brachte, bat er uns Bundesvorstandsmitglieder um           Unterst\u00fctzung bei einer Aktion. Nat\u00fcrlich kannte Ren\u00e9s Situation und war sofort dabei.<\/p>\n\n\n\n<p>Ich pers\u00f6nlich besch\u00e4ftige mich schon sehr lange mit dem Thema und habe auch schon seit einigen Jahren einen Organspendeausweis &#8211; aus einem sehr einfachen Grund: ich habe von Geburt an nur eine Niere. Das ist nicht schlimm, denn sie funktioniert ganz normal und man kann ohne Probleme damit alt werden, aber es fehlt das Backup. <\/p>\n\n\n\n<p>Wenn diese eine Niere ausf\u00e4llt, w\u00e4re ich sehr schnell an der Dialyse und auf ein Spenderorgan angewiesen. <br>In meinen Augen ist es einfach wichtig, sich zu informieren , sich mit diesem Thema auseinanderzusetzen und seine ganz pers\u00f6nliche Entscheidung zu treffen. Um eines ganz klar zu sagen: Es muss nicht jeder Spender werden, das wird von niemandem verlangt. Dennoch sollte man sich, auch in jungen Jahren, damit besch\u00e4ftigen, ob man bereit ist, nach dem Tod Organe oder Gewebe zu spenden oder nicht &#8211; und diesen           Entschluss festhalten. <\/p>\n\n\n\n<p>Im Organspendeausweis kann jeder Mensch seine Entscheidung f\u00fcr oder gegen eine Spende dokumentieren und nimmt zudem den Angeh\u00f6rigen diese Last ab.         <\/p>\n\n\n\n<p>An dieser Stelle: danke Ren\u00e9 f\u00fcr Deinen Mut und Deine Kraft, dieses Thema so \u00f6ffentlich anzugehen. Mein Ziel ist es einfach, die Leute f\u00fcr dieses Thema zu sensibilisieren &#8211; nicht mehr und nicht weniger. <\/p>\n\n\n\n<p>Mit besten Gr\u00fc\u00dfen <br>Sebastian D\u00f6berl<br>Stv. Bundesvorsitzender WJD 2019 <\/p>\n","protected":false},"excerpt":{"rendered":"<p>Servus, ich bin Sebastian! Gerne unterst\u00fctze ich diese tolle Aktion der KJU Iserlohn. Als Wolf Goertz, unser Ressortleiter Unternehmertum, auf einer Bundesvorstandssitzung im Fr\u00fchjahr 2019 das Thema Organspende zur Sprache brachte, bat er uns Bundesvorstandsmitglieder um Unterst\u00fctzung bei einer Aktion. Nat\u00fcrlich kannte Ren\u00e9s Situation und war sofort dabei. Ich pers\u00f6nlich besch\u00e4ftige mich schon sehr lange&nbsp;&hellip;<\/p>\n","protected":false},"author":2,"featured_media":0,"parent":0,"menu_order":0,"comment_status":"closed","ping_status":"closed","template":"","meta":[],"_links":{"self":[{"href":"https:\/\/www.wj-organspende.de\/de_DE\/wp-json\/wp\/v2\/pages\/322"}],"collection":[{"href":"https:\/\/www.wj-organspende.de\/de_DE\/wp-json\/wp\/v2\/pages"}],"about":[{"href":"https:\/\/www.wj-organspende.de\/de_DE\/wp-json\/wp\/v2\/types\/page"}],"author":[{"embeddable":true,"href":"https:\/\/www.wj-organspende.de\/de_DE\/wp-json\/wp\/v2\/users\/2"}],"replies":[{"embeddable":true,"href":"https:\/\/www.wj-organspende.de\/de_DE\/wp-json\/wp\/v2\/comments?post=322"}],"version-history":[{"count":1,"href":"https:\/\/www.wj-organspende.de\/de_DE\/wp-json\/wp\/v2\/pages\/322\/revisions"}],"predecessor-version":[{"id":323,"href":"https:\/\/www.wj-organspende.de\/de_DE\/wp-json\/wp\/v2\/pages\/322\/revisions\/323"}],"wp:attachment":[{"href":"https:\/\/www.wj-organspende.de\/de_DE\/wp-json\/wp\/v2\/media?parent=322"}],"curies":[{"name":"wp","href":"https:\/\/api.w.org\/{rel}","templated":true}]}}