{"id":330,"date":"2019-06-14T17:47:59","date_gmt":"2019-06-14T15:47:59","guid":{"rendered":"https:\/\/www.wj-organspende.de\/?page_id=330"},"modified":"2019-06-14T17:47:59","modified_gmt":"2019-06-14T15:47:59","slug":"philipp-jung-testimonial","status":"publish","type":"page","link":"https:\/\/www.wj-organspende.de\/de_DE\/philipp-jung-testimonial\/","title":{"rendered":"Philipp Jung (Testimonial)"},"content":{"rendered":"\n<p>Warum muss man eigentlich noch erw\u00e4hnen wie hilfreich und wichtig die Organspende ist? <br><br>Weil der Mensch an das &#8218;trifft zum Gl\u00fcck immer die Anderen&#8220; glaubt. Leider ein allzu dummer Herdentrieb, den es umzudrehen gilt.<br><br>Sp\u00e4testens wenn der Einschlag in den eigenen K\u00f6rper f\u00e4hrt oder Familie und Freunde betroffen sind, w\u00fcnscht man sich eine aufgeschlossenere Gesellschaft oder, meinem Wunsch nach, eine grunds\u00e4tzliche K\u00f6rperspende nach dem eigenen Tod.<\/p>\n\n\n\n<figure class=\"wp-block-image\"><img loading=\"lazy\" width=\"1024\" height=\"1024\" src=\"https:\/\/www.wj-organspende.de\/wp-content\/uploads\/2019\/06\/48253999_104002133981294_2685477560803917824_o-1024x1024.jpg\" alt=\"\" class=\"wp-image-327\" srcset=\"https:\/\/www.wj-organspende.de\/wp-content\/uploads\/2019\/06\/48253999_104002133981294_2685477560803917824_o-1024x1024.jpg 1024w, https:\/\/www.wj-organspende.de\/wp-content\/uploads\/2019\/06\/48253999_104002133981294_2685477560803917824_o-150x150.jpg 150w, https:\/\/www.wj-organspende.de\/wp-content\/uploads\/2019\/06\/48253999_104002133981294_2685477560803917824_o-300x300.jpg 300w, https:\/\/www.wj-organspende.de\/wp-content\/uploads\/2019\/06\/48253999_104002133981294_2685477560803917824_o-768x768.jpg 768w, https:\/\/www.wj-organspende.de\/wp-content\/uploads\/2019\/06\/48253999_104002133981294_2685477560803917824_o-1232x1232.jpg 1232w, https:\/\/www.wj-organspende.de\/wp-content\/uploads\/2019\/06\/48253999_104002133981294_2685477560803917824_o-1080x1080.jpg 1080w, https:\/\/www.wj-organspende.de\/wp-content\/uploads\/2019\/06\/48253999_104002133981294_2685477560803917824_o.jpg 1365w\" sizes=\"(max-width: 1024px) 100vw, 1024px\" \/><\/figure>\n\n\n\n<p>Meine Bereitschaft zu spenden kam nach einem langen Krankenhausbesuch.<br><br>Mit 20 Jahren pl\u00f6tzlicher Herztod.<br><br>Gerade ich, sportlich und ein 2 Meter Mann. Ich wurde mehrmals zur\u00fcck geholt. Die Brandzeichen des Defibrillators hatte ich monatelang auf der Brust.<br><br>Es wurden viele Tests gemacht, um die Ursache zu finden. Erfolglos. Aber ich verbrachte Wochen auf Intensivstationen zur Sicherheit.<br><br>Dort habe ich sehr viel Trauer und Leid erfahren m\u00fcssen. Sterbende, Trauernde, Eltern, die ihre Kinder verloren&#8230;<\/p>\n\n\n\n<p>Das macht dem\u00fctig! Und zeigt einem, wie wichtig es ist\nkein \u00e4ngstlicher Egoist zu sein.<\/p>\n\n\n\n<p>Ein Gedanke im Sterben k\u00f6nnte doch w\u00e4rmen. N\u00e4mlich der, \u00fcber den eigenen Tod hinaus ein anderes Leben zu gew\u00e4hrleisten.<br><br>Ihr macht damit einem anderen Menschen das GR\u00d6\u00dfTE GESCHENK seines Lebens.<br><br>Hey, und wenn die Lichter ausgehen, kann man so vielleicht noch schnell ein paar &#8218;Karma-Punkte&#8216; sammeln.<\/p>\n","protected":false},"excerpt":{"rendered":"<p>Warum muss man eigentlich noch erw\u00e4hnen wie hilfreich und wichtig die Organspende ist? Weil der Mensch an das &#8218;trifft zum Gl\u00fcck immer die Anderen&#8220; glaubt. Leider ein allzu dummer Herdentrieb, den es umzudrehen gilt. Sp\u00e4testens wenn der Einschlag in den eigenen K\u00f6rper f\u00e4hrt oder Familie und Freunde betroffen sind, w\u00fcnscht man sich eine aufgeschlossenere Gesellschaft&nbsp;&hellip;<\/p>\n","protected":false},"author":2,"featured_media":0,"parent":0,"menu_order":0,"comment_status":"closed","ping_status":"closed","template":"","meta":[],"_links":{"self":[{"href":"https:\/\/www.wj-organspende.de\/de_DE\/wp-json\/wp\/v2\/pages\/330"}],"collection":[{"href":"https:\/\/www.wj-organspende.de\/de_DE\/wp-json\/wp\/v2\/pages"}],"about":[{"href":"https:\/\/www.wj-organspende.de\/de_DE\/wp-json\/wp\/v2\/types\/page"}],"author":[{"embeddable":true,"href":"https:\/\/www.wj-organspende.de\/de_DE\/wp-json\/wp\/v2\/users\/2"}],"replies":[{"embeddable":true,"href":"https:\/\/www.wj-organspende.de\/de_DE\/wp-json\/wp\/v2\/comments?post=330"}],"version-history":[{"count":1,"href":"https:\/\/www.wj-organspende.de\/de_DE\/wp-json\/wp\/v2\/pages\/330\/revisions"}],"predecessor-version":[{"id":331,"href":"https:\/\/www.wj-organspende.de\/de_DE\/wp-json\/wp\/v2\/pages\/330\/revisions\/331"}],"wp:attachment":[{"href":"https:\/\/www.wj-organspende.de\/de_DE\/wp-json\/wp\/v2\/media?parent=330"}],"curies":[{"name":"wp","href":"https:\/\/api.w.org\/{rel}","templated":true}]}}