{"id":397,"date":"2019-06-18T09:20:32","date_gmt":"2019-06-18T07:20:32","guid":{"rendered":"https:\/\/www.wj-organspende.de\/?page_id=397"},"modified":"2019-07-29T12:51:20","modified_gmt":"2019-07-29T10:51:20","slug":"das-team","status":"publish","type":"page","link":"https:\/\/www.wj-organspende.de\/de_DE\/das-team\/","title":{"rendered":"Das Team"},"content":{"rendered":"\n<div data-label=\"Cta\" data-id=\"cta--1\" data-export-id=\"cta-centered-bg-section\" data-category=\"cta\" data-section-ov=\"1\" class=\"cta-centered-bg-section content-section content-section-spacing-large white-text\" data-parallax-depth=\"20\" id=\"cta-1\" style=\"background-color: #ffffff;\">\n<div class=\"gridContainer\">\n<div class=\"row text-center\">\n<div class=\"col-xs-12\" data-type=\"column\">\n<h2 class=\"\">Hier m\u00f6chten wir Euch das Projektteam vorstellen<a href=\"https:\/\/www.wj-organspende.de\/wp-admin\/edit.php?post_type=page\" class=\"\"> <\/a><span class=\"font-300\"><\/span><\/h2>\n<\/div>\n<\/div>\n<\/div>\n<\/div>\n\n<div data-label=\"Team\" data-id=\"team--1\" data-export-id=\"team-8-materialis\" data-category=\"team\" class=\"team-8m content-section content-section-spacing-large\" id=\"team-1\" style=\"background-color: #f5fafd;\">\n<div class=\"gridContainer\">\n<div class=\"row space-bottom\">\n<div class=\"section-title-col\" data-type=\"column\">\n<h2 class=\"\">Das Kernteam<\/h2>\n<p class=\"lead\">Erdacht und gestartet wurde das Projekt \u201eWJ-Organspende\u201c von <br \/>Kathrin und Ren\u00e9 . Komplettiert wird das Kernteam durch Patrik und Michael.<\/p>\n<\/div>\n<\/div>\n<div class=\"row spaced-cols content-left-sm\" data-type=\"row\" data-max-items=\"4\">\n<div class=\"col-xs-12 col-sm-12 col-md-6\">\n<div class=\"row\">\n<div class=\"col-xs-12 col-sm-6 col-md-6\">\n<div class=\"card mdc-elevation--z3 no-radius image-holder\" data-fixed=\"true\"><img class=\"face no-margin-bottom\" src=\"https:\/\/www.wj-organspende.de\/wp-content\/uploads\/2019\/06\/cropped-02_IMG_0067-Top.jpg\" \/><\/div>\n<\/div>\n<div class=\"col-xs-12 col-sm-6 col-md-6 right-col\">\n<div data-type=\"column\" class=\"description-container use-section-text-color\">\n<h4 class=\"no-margin-bottom\">Kathrin Troche<\/h4>\n<p class=\"font-300\">Projektleitung &amp; Promotion<\/p>\n<p class=\"\">Kathrin ist der unerm\u00fcdliche Motor unseres Projekts. Sie hatte die Idee und nicht gez\u00f6gert uns alle zu begeistern, dieses Projekt mit Leben zu f\u00fcllen. <br \/><br \/>Kathrin kennt als Betroffene die Gef\u00fchle und Gedanken, die Angeh\u00f6rige erleben, wenn der Partner oder ein Familienangeh\u00f6riger betroffen ist.<\/p>\n<div class=\"social-icons-group col-no-padding\" data-type=\"group\"><a href=\"http:\/\/fb.me\/kathrin.troche\" target=\"_blank\" class=\"\" rel=\"noopener noreferrer\"><i class=\"mdi social-icon mdi-facebook color1\"><\/i><\/a> <a href=\"#\" target=\"_self\" data-reiki-hidden=\"true\" rel=\"noopener noreferrer\"><i class=\"mdi social-icon mdi-twitter color-gray\"><\/i><\/a> <a href=\"#\" target=\"_self\" data-reiki-hidden=\"true\" rel=\"noopener noreferrer\"><i class=\"mdi social-icon mdi-instagram color-gray\"><\/i><\/a> <a href=\"#\" target=\"_self\" data-reiki-hidden=\"true\" rel=\"noopener noreferrer\"><i class=\"mdi social-icon mdi-rss color-gray\"><\/i><\/a><\/div>\n<\/div>\n<\/div>\n<\/div>\n<\/div>\n<div class=\"col-xs-12 col-sm-12 col-md-6\">\n<div class=\"row\">\n<div class=\"col-xs-12 col-sm-6 col-md-6\">\n<div class=\"card mdc-elevation--z3 no-radius image-holder\" data-fixed=\"true\"><img class=\"face no-margin-bottom\" src=\"https:\/\/www.wj-organspende.de\/wp-content\/uploads\/2019\/06\/cropped-rene-1.jpg\" \/><\/div>\n<\/div>\n<div class=\"col-xs-12 col-sm-6 col-md-6 right-col\">\n<div data-type=\"column\" class=\"description-container use-section-text-color\">\n<h4 class=\"no-margin-bottom\">Ren\u00e9 Els\u00e4sser<\/h4>\n<p class=\"font-300\">Projektleitung &amp; Promotion<\/p>\n<p class=\"\">Ren\u00e9 ist neben Kathrin das Gesicht des Projekts. <br \/><br \/>Als pers\u00f6nlich Betroffener, wei\u00df Ren\u00e9 wie kein anderer, was es hei\u00dft auf ein Spenderorgan angewiesen zu sein und nicht zu wissen, ob und wann man eines bekommt.<\/p>\n<div class=\"social-icons-group col-no-padding\" data-type=\"group\"><a href=\"https:\/\/www.facebook.com\/mr.prosecco\" target=\"_blank\" class=\"\" rel=\"noopener noreferrer\"><i class=\"mdi social-icon mdi-facebook color1\"><\/i><\/a> <a href=\"#\" target=\"_self\" data-reiki-hidden=\"true\" rel=\"noopener noreferrer\"><i class=\"mdi social-icon mdi-twitter color-gray\"><\/i><\/a> <a href=\"#\" target=\"_self\" data-reiki-hidden=\"true\" rel=\"noopener noreferrer\"><i class=\"mdi social-icon mdi-instagram color-gray\"><\/i><\/a> <a href=\"#\" target=\"_self\" data-reiki-hidden=\"true\" rel=\"noopener noreferrer\"><i class=\"mdi social-icon mdi-rss color-gray\"><\/i><\/a><\/div>\n<\/div>\n<\/div>\n<\/div>\n<\/div>\n<div class=\"col-xs-12 col-sm-12 col-md-6\">\n<div class=\"row\">\n<div class=\"col-xs-12 col-sm-6 col-md-6\">\n<div class=\"card mdc-elevation--z3 no-radius image-holder\" data-fixed=\"true\"><img class=\"face no-margin-bottom\" src=\"https:\/\/www.wj-organspende.de\/wp-content\/uploads\/2019\/06\/cropped-csm_patrik_2019_cec33522ea.jpg\" \/><\/div>\n<\/div>\n<div class=\"col-xs-12 col-sm-6 col-md-6 right-col\">\n<div data-type=\"column\" class=\"description-container use-section-text-color\">\n<h4 class=\"no-margin-bottom\">Patrik Schneega\u00df<\/h4>\n<p class=\"font-300\">Konferenzen, Promotion &amp; Internationale Koordination<\/p>\n<p class=\"\">Patrik k\u00fcmmert sich zusammen mit Kathrin und Ren\u00e9 darum, dass Konferenzen und Kreis-Veranstaltungen besucht werden. <br \/><br \/>Auch die internationale Werbung f\u00fcr dieses tolle Projekt koordiniert Patrik.<\/p>\n<div class=\"social-icons-group col-no-padding\" data-type=\"group\"><a href=\"https:\/\/www.facebook.com\/pschneegass\" target=\"_blank\" class=\"\" rel=\"noopener noreferrer\"><i class=\"mdi social-icon mdi-facebook color1\"><\/i><\/a> <a href=\"#\" target=\"_self\" data-reiki-hidden=\"true\" rel=\"noopener noreferrer\"><i class=\"mdi social-icon mdi-twitter color-gray\"><\/i><\/a> <a href=\"#\" target=\"_self\" data-reiki-hidden=\"true\" rel=\"noopener noreferrer\"><i class=\"mdi social-icon mdi-instagram color-gray\"><\/i><\/a> <a href=\"#\" target=\"_self\" data-reiki-hidden=\"true\" rel=\"noopener noreferrer\"><i class=\"mdi social-icon mdi-rss color-gray\"><\/i><\/a><\/div>\n<\/div>\n<\/div>\n<\/div>\n<\/div>\n<div class=\"col-xs-12 col-sm-12 col-md-6\">\n<div class=\"row\">\n<div class=\"col-xs-12 col-sm-6 col-md-6\">\n<div class=\"card mdc-elevation--z3 no-radius image-holder\" data-fixed=\"true\"><img class=\"face no-margin-bottom\" src=\"https:\/\/www.wj-organspende.de\/wp-content\/uploads\/2019\/06\/cropped-Michael-Joithe-2017.jpg\" \/><\/div>\n<\/div>\n<div class=\"col-xs-12 col-sm-6 col-md-6 right-col\">\n<div data-type=\"column\" class=\"description-container use-section-text-color\">\n<h4 class=\"no-margin-bottom\">Michael Joithe<\/h4>\n<p class=\"font-300\">Technische Umsetzung &amp; Promotion<\/p>\n<p class=\"\">Michael arbeitet im Hintergrund an der technischen Umsetzung, egal ob Webseite, Facebook-Auftritt oder Medien. <br \/><br \/>Zus\u00e4tzlich arbeitet er, wie auch die anderen des Teams, daran, das Thema in die Breite der Gesellschaft zu tragen, auch au\u00dferhalb der WJ\/JCI-Famlilie.<\/p>\n<div class=\"social-icons-group col-no-padding\" data-type=\"group\"><a href=\"https:\/\/fb.me\/michael.joithe\" target=\"_blank\" class=\"\" rel=\"noopener noreferrer\"><i class=\"mdi social-icon mdi-facebook color1\"><\/i><\/a> <a href=\"#\" target=\"_self\" data-reiki-hidden=\"true\" rel=\"noopener noreferrer\"><i class=\"mdi social-icon mdi-twitter color-gray\"><\/i><\/a> <a href=\"#\" target=\"_self\" data-reiki-hidden=\"true\" rel=\"noopener noreferrer\"><i class=\"mdi social-icon mdi-instagram color-gray\"><\/i><\/a> <a href=\"#\" target=\"_self\" data-reiki-hidden=\"true\" rel=\"noopener noreferrer\"><i class=\"mdi social-icon mdi-rss color-gray\"><\/i><\/a><\/div>\n<\/div>\n<\/div>\n<\/div>\n<\/div>\n<\/div>\n<\/div>\n<\/div>\n\n<div data-label=\"Cta\" data-id=\"cta--2\" data-export-id=\"cta-centered-section-grid\" data-category=\"cta\" class=\"cta-centered-section-grid content-section content-section-spacing-large bg-color1 white-text\" id=\"cta-2\">\n<div class=\"gridContainer\">\n<div class=\"row\">\n<div class=\"col-xs-12 section-title-col\" data-type=\"column\">\n<h2 class=\"\"><b>Join us!<\/b> <span class=\"font-300\">It will only take a minute<\/span><\/h2>\n<p class=\"\">Wir hoffen, noch viele weitere Mitstreiter zu gewinnen. Meldet euch, wenn ihr uns unterst\u00fctzen wollt und teilt uns eure Ideen mit. Werdet Teil dieses tollen Teams. Ihr k\u00f6nnt uns eure Geschichte, eure Erfahrungen schilden und als \u201eTestimonial\u201c Teil dieser Webseite werden, um andere mit Eurer Story zu begeistern und\/oder unser Team langfristig erg\u00e4nzen und daf\u00fcr sorgen, dass hier noch viel mehr K\u00f6pfe auftauchen und wir mit noch gr\u00f6\u00dferer Team-St\u00e4rke das Projekt voran treiben. <br \/><br \/><span style=\"font-weight: bold;\">Die WJ sind ein \u201eMacher-Verband\u201c, also machen wir und reden nicht nur!<\/span><\/p>\n<\/div>\n<\/div>\n<div class=\"row\">\n<div class=\"col-xs-12 button-holder\" data-type=\"column\"><a class=\"button null mdc-ripple-upgraded big color2\" href=\"https:\/\/www.wj-organspende.de\/#download\" target=\"_self\" data-cp-link=\"1\" data-icon=\"\" rel=\"noopener noreferrer\">Mach mit!<\/a><\/div>\n<\/div>\n<\/div>\n<\/div>\n","protected":false},"excerpt":{"rendered":"<p><!-- wp:extendstudio\/materialis --><\/p>\n<div data-label=\"Cta\" data-id=\"cta--1\" data-export-id=\"cta-centered-bg-section\" data-category=\"cta\" data-section-ov=\"1\" class=\"cta-centered-bg-section content-section content-section-spacing-large white-text\" data-... \n\n","protected":false},"author":2,"featured_media":0,"parent":0,"menu_order":0,"comment_status":"closed","ping_status":"closed","template":"pro\/page-templates\/full-width-page.php","meta":[],"_links":{"self":[{"href":"https:\/\/www.wj-organspende.de\/de_DE\/wp-json\/wp\/v2\/pages\/397"}],"collection":[{"href":"https:\/\/www.wj-organspende.de\/de_DE\/wp-json\/wp\/v2\/pages"}],"about":[{"href":"https:\/\/www.wj-organspende.de\/de_DE\/wp-json\/wp\/v2\/types\/page"}],"author":[{"embeddable":true,"href":"https:\/\/www.wj-organspende.de\/de_DE\/wp-json\/wp\/v2\/users\/2"}],"replies":[{"embeddable":true,"href":"https:\/\/www.wj-organspende.de\/de_DE\/wp-json\/wp\/v2\/comments?post=397"}],"version-history":[{"count":27,"href":"https:\/\/www.wj-organspende.de\/de_DE\/wp-json\/wp\/v2\/pages\/397\/revisions"}],"predecessor-version":[{"id":654,"href":"https:\/\/www.wj-organspende.de\/de_DE\/wp-json\/wp\/v2\/pages\/397\/revisions\/654"}],"wp:attachment":[{"href":"https:\/\/www.wj-organspende.de\/de_DE\/wp-json\/wp\/v2\/media?parent=397"}],"curies":[{"name":"wp","href":"https:\/\/api.w.org\/{rel}","templated":true}]}}