{"id":425,"date":"2019-06-18T12:08:31","date_gmt":"2019-06-18T10:08:31","guid":{"rendered":"https:\/\/www.wj-organspende.de\/?page_id=425"},"modified":"2019-07-26T13:54:22","modified_gmt":"2019-07-26T11:54:22","slug":"michael-joithe-testimonial","status":"publish","type":"page","link":"https:\/\/www.wj-organspende.de\/de_DE\/michael-joithe-testimonial\/","title":{"rendered":"Michael Joithe (Testimonial)"},"content":{"rendered":"\n<p><strong>Das Thema Organspende war f\u00fcr mich eigentlich nie wirklich ein Thema. Ja, auch ich geh\u00f6rte zu den Menschen, die der Meinung waren &#8222;das trifft doch nur die anderen&#8220; und &#8222;wird mir schon nicht passieren&#8220;.<\/strong><br \/>Und ganz ehrlich&#8230;.die Hoffnung habe ich noch immer. Aber was, wenn doch? Wenn ich pl\u00f6tzlich betroffen bin? Egal auf welcher Seite!<\/p>\n\n<figure class=\"wp-block-image is-resized\"><img loading=\"lazy\" class=\"wp-image-401\" src=\"https:\/\/www.wj-organspende.de\/wp-content\/uploads\/2019\/06\/Michael-Joithe-2017-682x1024.jpg\" alt=\"\" width=\"316\" height=\"474\" srcset=\"https:\/\/www.wj-organspende.de\/wp-content\/uploads\/2019\/06\/Michael-Joithe-2017-682x1024.jpg 682w, https:\/\/www.wj-organspende.de\/wp-content\/uploads\/2019\/06\/Michael-Joithe-2017-200x300.jpg 200w, https:\/\/www.wj-organspende.de\/wp-content\/uploads\/2019\/06\/Michael-Joithe-2017-768x1152.jpg 768w, https:\/\/www.wj-organspende.de\/wp-content\/uploads\/2019\/06\/Michael-Joithe-2017-1232x1848.jpg 1232w, https:\/\/www.wj-organspende.de\/wp-content\/uploads\/2019\/06\/Michael-Joithe-2017-720x1080.jpg 720w, https:\/\/www.wj-organspende.de\/wp-content\/uploads\/2019\/06\/Michael-Joithe-2017.jpg 1333w\" sizes=\"(max-width: 316px) 100vw, 316px\" \/><\/figure>\n\n<p>Angefangen mich intensiv damit auseinander zusetzen habe ich, als pl\u00f6tzlich diese Frage einen guten Freund betraf. Das Thema war auf einmal omnipr\u00e4sent.<br \/><br \/>Fragen rasten durch meinen Kopf: Was ist, wenn ich einen Unfall habe und nicht mehr f\u00fcr mich entscheiden kann? Oder brauche ich einmal ein Spenderorgan? Vertraue ich als potentieller Spender dem System? Geht es gerecht zu?<\/p>\n\n<p>Ich bin f\u00fcr mich zu dem Entschluss gekommen, dass ich diese Frage eindeutig und schriftlich regeln muss. Und zwar aus dem einfachen Grund, dass ich niemandem in meiner Familie zumuten m\u00f6chte, im Fall der F\u00e4lle diese Entscheidung treffen zu m\u00fcssen, nur weil ich zu d\u00e4mlich war, vorher eine Regelung zu treffen.<\/p>\n\n<p>Und genau das m\u00f6chte ich euch allen mitgeben. Egal, wie ihr zum Thema Organspende steht, ob ihr als Spender zur Verf\u00fcgung stehen wollt oder dem System so sehr misstraut, dass ihr nicht mitmachen wollt &#8211; Formuliert euren Entschluss eindeutig, schriftlich und auffindbar. Denn mach ihr das nicht, kommen eure Liebsten im Fall der F\u00e4lle in die Situation diese Entscheidung treffen zu m\u00fcssen, in einer Zeit, die schon schwer genug ist.<\/p>\n\n<p>Denkt mal dar\u00fcber nach, was das in der ganzen Trauer zus\u00e4tzlich bedeutet!<\/p>\n","protected":false},"excerpt":{"rendered":"<p><!-- wp:paragraph --><\/p>\n<p><strong>Das Thema Organspende war f\u00fcr mich eigentlich nie wirklich ein Thema. Ja, auch ich geh\u00f6rte zu den Menschen, die der Meinung waren &#8222;das trifft doch nur die anderen&#8220; und &#8222;wird mir schon nicht passieren&#8220;.<\/strong><br \/>U&#8230;<\/p>\n","protected":false},"author":2,"featured_media":0,"parent":0,"menu_order":0,"comment_status":"closed","ping_status":"closed","template":"","meta":[],"_links":{"self":[{"href":"https:\/\/www.wj-organspende.de\/de_DE\/wp-json\/wp\/v2\/pages\/425"}],"collection":[{"href":"https:\/\/www.wj-organspende.de\/de_DE\/wp-json\/wp\/v2\/pages"}],"about":[{"href":"https:\/\/www.wj-organspende.de\/de_DE\/wp-json\/wp\/v2\/types\/page"}],"author":[{"embeddable":true,"href":"https:\/\/www.wj-organspende.de\/de_DE\/wp-json\/wp\/v2\/users\/2"}],"replies":[{"embeddable":true,"href":"https:\/\/www.wj-organspende.de\/de_DE\/wp-json\/wp\/v2\/comments?post=425"}],"version-history":[{"count":6,"href":"https:\/\/www.wj-organspende.de\/de_DE\/wp-json\/wp\/v2\/pages\/425\/revisions"}],"predecessor-version":[{"id":563,"href":"https:\/\/www.wj-organspende.de\/de_DE\/wp-json\/wp\/v2\/pages\/425\/revisions\/563"}],"wp:attachment":[{"href":"https:\/\/www.wj-organspende.de\/de_DE\/wp-json\/wp\/v2\/media?parent=425"}],"curies":[{"name":"wp","href":"https:\/\/api.w.org\/{rel}","templated":true}]}}