{"id":56,"date":"2019-05-22T11:39:17","date_gmt":"2019-05-22T09:39:17","guid":{"rendered":"https:\/\/www.wj-organspende.de\/?page_id=56"},"modified":"2020-06-06T13:14:33","modified_gmt":"2020-06-06T11:14:33","slug":"renes-geschichte","status":"publish","type":"page","link":"https:\/\/www.wj-organspende.de\/de_DE\/renes-geschichte\/","title":{"rendered":"Ren\u00e9s Geschichte"},"content":{"rendered":"\r\n<p>&#8222;<strong>Hallo, ich bin Ren\u00e9! Ich brauche Eure Hilfe &#8211; und irgendwann auch leider eine Spenderleber.<\/strong><\/p>\r\n\r\n\r\n\r\n<p>Viele von Euch kennen mich von diversen Trainings, von nationalen und internationalen Konferenzen oder meine Posts vom #WJochenende.<\/p>\r\n\r\n\r\n\r\n<p>Nach mehreren Jahren beruflichem und WJ-Vollgas schob ich die st\u00e4ndige M\u00fcdigkeit und kaum einsetzende Erholung auf \u00dcberanstrengung und ging &#8211; vollkommen unbesorgt &#8211; zu meiner Haus\u00e4rztin. Bei dem folgenden Gesundheitscheck wurden Unregelm\u00e4\u00dfigkeiten der Leber entdeckt. Es folgte ein Marathon zu \u00c4rzten und Spezialisten, zahlreiche Untersuchungen&#8230;und am Ende best\u00e4tigte sich der Verdacht: es ist eine Leberzirrhose im Endstadium unbekannter Ursache!<\/p>\r\n\r\n\r\n\r\n<p>Der Schreck f\u00fcr Familie und Freunde war gro\u00df!<\/p>\r\n\r\n\r\n\r\n<p>War ich doch bis vor kurzem, scheinbar, kerngesund! Das was lange Zeit fehlte, war die Ursache.<\/p>\r\n\r\n\r\n\r\n<p><strong>Alkohol, Drogen, Vergiftungen, Autoimmunerkrankungen, alles konnte nach und nach ausgeschlossen werden.<\/strong><\/p>\r\n\r\n\r\n\r\n<figure class=\"wp-block-image\"><img loading=\"lazy\" class=\"wp-image-164\" src=\"https:\/\/www.wj-organspende.de\/wp-content\/uploads\/2019\/05\/WhatsApp-Image-2019-05-24-at-10.08.502-1024x768.jpeg\" alt=\"\" width=\"673\" height=\"505\" srcset=\"https:\/\/www.wj-organspende.de\/wp-content\/uploads\/2019\/05\/WhatsApp-Image-2019-05-24-at-10.08.502-1024x768.jpeg 1024w, https:\/\/www.wj-organspende.de\/wp-content\/uploads\/2019\/05\/WhatsApp-Image-2019-05-24-at-10.08.502-300x225.jpeg 300w, https:\/\/www.wj-organspende.de\/wp-content\/uploads\/2019\/05\/WhatsApp-Image-2019-05-24-at-10.08.502-768x576.jpeg 768w, https:\/\/www.wj-organspende.de\/wp-content\/uploads\/2019\/05\/WhatsApp-Image-2019-05-24-at-10.08.502-1232x924.jpeg 1232w, https:\/\/www.wj-organspende.de\/wp-content\/uploads\/2019\/05\/WhatsApp-Image-2019-05-24-at-10.08.502-1440x1080.jpeg 1440w, https:\/\/www.wj-organspende.de\/wp-content\/uploads\/2019\/05\/WhatsApp-Image-2019-05-24-at-10.08.502.jpeg 1600w\" sizes=\"(max-width: 673px) 100vw, 673px\" \/><\/figure>\r\n\r\n\r\n\r\n<p>In der zweiten Jahresh\u00e4lfte verschlechterte sich mein Gesundheitszustand sehr stark, ich kann seitdem nicht mehr arbeiten und verbrachte mehrmals sehr kraftraubende Wochen im Krankenhaus. Zweimal musste ich dem Teufel von der Schippe springen, aber mein Wille blieb stark. Ich wollte schon allein nicht akzeptieren, dass die Ursache nicht herauszufinden sei.<\/p>\r\n\r\n\r\n\r\n<p>Durch Zufall bekam meine Krankheit dann doch noch einen Namen: ich leide unter dem sehr, sehr seltenen Budd-Chiari-Syndrom (Lebervenentrombose), einem fortschreitenden Verschluss der Blutgef\u00e4\u00dfe in der Leber.<\/p>\r\n\r\n\r\n\r\n<p><strong>Da stand dann fest, da\u00df ich irgendwann dran bin und dann nur noch ein Spenderorgan helfen kann. Seit Januar 2019 stehe ich nun auf der Transplantationsliste &#8211; und warte! Nun bin ich der h\u00e4ufig namenlose Patient, der in Wochen, Monaten oder vielleicht erst Jahren eine Organspende ben\u00f6tigt.<\/strong><\/p>\r\n\r\n\r\n\r\n<figure class=\"wp-block-image\"><img loading=\"lazy\" class=\"wp-image-165\" src=\"https:\/\/www.wj-organspende.de\/wp-content\/uploads\/2019\/05\/WhatsApp-Image-2019-05-24-at-10.08.503-768x1024.jpeg\" alt=\"\" width=\"531\" height=\"708\" srcset=\"https:\/\/www.wj-organspende.de\/wp-content\/uploads\/2019\/05\/WhatsApp-Image-2019-05-24-at-10.08.503-768x1024.jpeg 768w, https:\/\/www.wj-organspende.de\/wp-content\/uploads\/2019\/05\/WhatsApp-Image-2019-05-24-at-10.08.503-225x300.jpeg 225w, https:\/\/www.wj-organspende.de\/wp-content\/uploads\/2019\/05\/WhatsApp-Image-2019-05-24-at-10.08.503-810x1080.jpeg 810w, https:\/\/www.wj-organspende.de\/wp-content\/uploads\/2019\/05\/WhatsApp-Image-2019-05-24-at-10.08.503.jpeg 1200w\" sizes=\"(max-width: 531px) 100vw, 531px\" \/><\/figure>\r\n\r\n\r\n\r\n<p>Ich wei\u00df, dass Einige nicht darauf vertrauen k\u00f6nnen, dass bei der Auswahl eines Spenders oder der Zuweisung von Organen alles mit rechten Dingen zugeht. Ich habe das System bisher als sehr genau und in diesem Zusammenhang positiv b\u00fcrokratisch erlebt, auch wegen der tollen \u00c4rzte und betreuenden Fachabteilungen.<\/p>\r\n\r\n\r\n\r\n<p><strong>Bitte informiert Euch genau und entscheidet dann!<\/strong><\/p>\r\n\r\n\r\n\r\n<p>Der Zuspruch von Familien und Freunden, aus dem WJ Netzwerk, ist \u00fcberw\u00e4ltigend und gibt mir unsagbar viel Kraft. Spontane, ernstgemeinte Angebote f\u00fcr Lebendspenden, finanzielle Unterst\u00fctzung und stets ein offenes Ohr, seit nunmehr schon fast 1,5 Jahren, r\u00fchren mich sehr. In aller Demut bin ich sehr dankbar daf\u00fcr, was mir von Euch zuteil wird.<\/p>\r\n\r\n\r\n\r\n<p><strong>Ich w\u00fcnsche mir, dass sich mehr Leute &#8211; und besonders meine WJ-Freunde &#8211; daf\u00fcr entscheiden, nach ihrem Tod das Leben eines Menschen zu retten. Egal wie gesund Du lebst, es kann jeden treffen!<\/strong>&#8222;<\/p>\r\n\r\n\r\n\r\n<figure class=\"wp-block-image\"><img loading=\"lazy\" class=\"alignnone wp-image-758 \" src=\"https:\/\/www.wj-organspende.de\/wp-content\/uploads\/2019\/08\/RK-300x241.jpg\" alt=\"\" width=\"559\" height=\"449\" srcset=\"https:\/\/www.wj-organspende.de\/wp-content\/uploads\/2019\/08\/RK-300x241.jpg 300w, https:\/\/www.wj-organspende.de\/wp-content\/uploads\/2019\/08\/RK-768x618.jpg 768w, https:\/\/www.wj-organspende.de\/wp-content\/uploads\/2019\/08\/RK.jpg 815w\" sizes=\"(max-width: 559px) 100vw, 559px\" \/><\/figure>\r\n\r\n\r\n\r\n<p>Mehr Infos gibt&#8217;s unter www.organspende-info.de<br \/><br \/><\/p>\r\n<p><strong>Dieser Text, bis hierher, wurde im Fr\u00fchjahr 2019 geschrieben, als es mir sehr, sehr schlecht ging.<\/strong> <br \/><br \/>Nach dem ersten Eingriff und der Listung bei Eurotransplant f\u00fcr eine neue Leber, ging es mir langsam aber stetig besser. Im Juni, einen Tag vor der Gala zur LaKo in Fulda, bekam ich zum ersten mal auf der eigens eingerichteten Nummer f\u00fcr Eurotransplant, einen Anruf &#8211; <strong>ein Organ sei f\u00fcr mich da.<\/strong> Dabei ging es mir ziemlich gut und ich war ziemlich durcheinander, aber bevor ich eine weitere Entscheidung treffen musste, war es auch schon wieder vorbei. Ich war Backup und <strong>das Organ ging an einen h\u00f6her priorisierten Empf\u00e4nger<\/strong>. Doch ich war nun mental vorbereitet.<\/p>\r\n<p>Im Oktober 2019 hatte ich mich dann schon wieder so gut erholt und war zugleich kurz vor Auslaufen des Krankengeldes, so da\u00df ich aus Lust aber auch finanzieller Sicht, mit der <strong>Wiedereingliederung<\/strong> begann. Es lief super, erst 2 Stunden t\u00e4glich, in der 2. Woche 4 Stunden, 3. Woche 6 und in der 4. Woche zum Abschlu\u00df 8 Arbeitsstunden und danach sollte es wieder losgehen. Die dritte Woche Ende am Freitag, <strong>den 25. Oktober 2019<\/strong>, gegen 15 Uhr kam ich heim und bereitete mich auf ein gem\u00fctliches Wochenende vor. Da klingelte gegen 16 Uhr pl\u00f6tzlich das &#8222;Eurotransplant Telefon&#8220;. <strong>Eurotransplant hatte ein Organ und es sei &#8222;f\u00fcr mich&#8220;<\/strong>, ob ich wolle&#8230;und ich sagte sofort &#8222;Ja, ich bin bereit.2 Kurz gesagt &#8211; um halb 8 desselben Tages lag ich im OP. Die letzten Minuten allein in der Vorbereitung waren schon seltsam, ich wusste um die lebensgef\u00e4hrliche Operation und das dies meine letzten bewussten Gedanken sein k\u00f6nnten, und hielt dies auf einem kurzen Video f\u00fcr mich oder ggf. f\u00fcr die Nachwelt fest.<\/p>\r\n<p><strong>Wach wurde ich wieder am Abend des 28. Oktober, ganze drei Tage sp\u00e4ter.<\/strong> Ein sehr komisches Gef\u00fchl. Als ich meine Familie tags darauf sah, brach ich in Tr\u00e4nen aus, keine Ahnung was mit mir los war, ich konnte mich voller Medikamente und Schl\u00e4uche kaum bewegen, sprechen oder gucken, vielleicht suchte ich daher sensorischen Kontakt. Es war eine sehr intensive Zeit, vor allem r\u00fcckblickend, denn das ich drei Tage weg war, hatte schwere Komplikationen als Grund, doch alles ging gut und da war ich dann wieder.<\/p>\r\n<p><img loading=\"lazy\" class=\" wp-image-971 aligncenter\" src=\"https:\/\/www.wj-organspende.de\/wp-content\/uploads\/2020\/06\/281dce55-3952-47e8-8663-438d670edb24-1-225x300.jpg\" alt=\"\" width=\"348\" height=\"464\" srcset=\"https:\/\/www.wj-organspende.de\/wp-content\/uploads\/2020\/06\/281dce55-3952-47e8-8663-438d670edb24-1-225x300.jpg 225w, https:\/\/www.wj-organspende.de\/wp-content\/uploads\/2020\/06\/281dce55-3952-47e8-8663-438d670edb24-1-768x1024.jpg 768w, https:\/\/www.wj-organspende.de\/wp-content\/uploads\/2020\/06\/281dce55-3952-47e8-8663-438d670edb24-1-810x1080.jpg 810w, https:\/\/www.wj-organspende.de\/wp-content\/uploads\/2020\/06\/281dce55-3952-47e8-8663-438d670edb24-1.jpg 1080w\" sizes=\"(max-width: 348px) 100vw, 348px\" \/><\/p>\r\n<p>Nach nur 15 Tagen kam ich schon wieder nach Hause, um dann weitere 14 Tage sp\u00e4ter in Reha zu gehen und <strong>Weihnachten\/Silvester schon wieder bei meiner Familie<\/strong> zu sein. Seitdem arbeite ich so gut es geht an meiner Genesung, sehe inzwischen wieder sehr gesund aus, innerlich ist aber noch &#8222;ganz sch\u00f6n viel los&#8220;.<\/p>\r\n<p><img loading=\"lazy\" class=\" wp-image-972 aligncenter\" src=\"https:\/\/www.wj-organspende.de\/wp-content\/uploads\/2020\/06\/4b0f7e21-ee4b-44b8-9352-46f664a42afd-1-300x225.jpg\" alt=\"\" width=\"759\" height=\"569\" srcset=\"https:\/\/www.wj-organspende.de\/wp-content\/uploads\/2020\/06\/4b0f7e21-ee4b-44b8-9352-46f664a42afd-1-300x225.jpg 300w, https:\/\/www.wj-organspende.de\/wp-content\/uploads\/2020\/06\/4b0f7e21-ee4b-44b8-9352-46f664a42afd-1-1024x768.jpg 1024w, https:\/\/www.wj-organspende.de\/wp-content\/uploads\/2020\/06\/4b0f7e21-ee4b-44b8-9352-46f664a42afd-1-768x576.jpg 768w, https:\/\/www.wj-organspende.de\/wp-content\/uploads\/2020\/06\/4b0f7e21-ee4b-44b8-9352-46f664a42afd-1-1536x1152.jpg 1536w, https:\/\/www.wj-organspende.de\/wp-content\/uploads\/2020\/06\/4b0f7e21-ee4b-44b8-9352-46f664a42afd-1-1232x924.jpg 1232w, https:\/\/www.wj-organspende.de\/wp-content\/uploads\/2020\/06\/4b0f7e21-ee4b-44b8-9352-46f664a42afd-1-1440x1080.jpg 1440w, https:\/\/www.wj-organspende.de\/wp-content\/uploads\/2020\/06\/4b0f7e21-ee4b-44b8-9352-46f664a42afd-1.jpg 1600w\" sizes=\"(max-width: 759px) 100vw, 759px\" \/><\/p>\r\n<p>Ich kann Euch sagen, so mit einem neuen Organ zu leben&#8230;das ist schon was. Ich wei\u00df nicht wem ich dieses neue, definitiv bessere Leben zu verdanken habe. Mir geht es bedeutend besser, denn trotzallem es mir im Herbst 2019 besser ging, so hatte ich immer wieder mal schlechte Tage an denen ich nur im Bett lag. Das ist vorbei! Aber wisst Ihr was noch viel besser ist, vor allem dieses Wissen ist unbezahlbar f\u00fcr mich: <strong>Meine Familie und Freunde haben keine Todes\u00e4ngste mehr um mich!!!<\/strong><\/p>\r\n<p>Umso mehr als jemals zuvor und voller Dankbarkeit f\u00fcr dieses neue Leben mit dem 2. Geburtstag am 28.10.2019 m\u00f6chte ich es allen zurufen: Bitte macht Euch Gedanken \u00fcber Organspende, sprecht mit jemandem wie z.B. dem Arzt dar\u00fcber und trefft eine Entscheidung! Viele die nicht so ein Gl\u00fcck wie ich hatten, haben Todesangst, deren Familien m\u00fcssen nicht nur den Alltag bestreiten sondern in steter Angst mit vielen Tr\u00e4nen um ihren Sohn, Tochter, Ehepartner oder Freund bangen. Schaut Euch meine Fotos weiter oben auf de Seite an. Da kommen mir selbst manchmal noch die Tr\u00e4nen, nicht aus Selbstmitleid, sondern in Gedanken was meine Lieben alles so tapfer mit mir ertragen haben!<\/p>\r\n<p>Euer<br \/>Ren\u00e9<\/p>\r\n","protected":false},"excerpt":{"rendered":"<p><!-- wp:paragraph --><\/p>\n<p>&#8222;<strong>Hallo, ich bin Ren\u00e9! Ich brauche Eure Hilfe &#8211; und irgendwann auch leider eine Spenderleber.<\/strong><\/p>\n<p><!-- \/wp:paragraph --><\/p>\n<p><!-- wp:paragraph --><\/p>\n<p>Viele von Euch kennen mich von diversen Trainings, von na&#8230;<\/p>\n","protected":false},"author":2,"featured_media":0,"parent":0,"menu_order":0,"comment_status":"closed","ping_status":"closed","template":"","meta":[],"_links":{"self":[{"href":"https:\/\/www.wj-organspende.de\/de_DE\/wp-json\/wp\/v2\/pages\/56"}],"collection":[{"href":"https:\/\/www.wj-organspende.de\/de_DE\/wp-json\/wp\/v2\/pages"}],"about":[{"href":"https:\/\/www.wj-organspende.de\/de_DE\/wp-json\/wp\/v2\/types\/page"}],"author":[{"embeddable":true,"href":"https:\/\/www.wj-organspende.de\/de_DE\/wp-json\/wp\/v2\/users\/2"}],"replies":[{"embeddable":true,"href":"https:\/\/www.wj-organspende.de\/de_DE\/wp-json\/wp\/v2\/comments?post=56"}],"version-history":[{"count":9,"href":"https:\/\/www.wj-organspende.de\/de_DE\/wp-json\/wp\/v2\/pages\/56\/revisions"}],"predecessor-version":[{"id":973,"href":"https:\/\/www.wj-organspende.de\/de_DE\/wp-json\/wp\/v2\/pages\/56\/revisions\/973"}],"wp:attachment":[{"href":"https:\/\/www.wj-organspende.de\/de_DE\/wp-json\/wp\/v2\/media?parent=56"}],"curies":[{"name":"wp","href":"https:\/\/api.w.org\/{rel}","templated":true}]}}