{"id":809,"date":"2019-09-23T08:18:49","date_gmt":"2019-09-23T06:18:49","guid":{"rendered":"https:\/\/www.wj-organspende.de\/?page_id=809"},"modified":"2019-09-23T09:33:03","modified_gmt":"2019-09-23T07:33:03","slug":"tobias-zirp-testimonial","status":"publish","type":"page","link":"https:\/\/www.wj-organspende.de\/de_DE\/tobias-zirp-testimonial\/","title":{"rendered":"Tobias Zirp (Testimonial)"},"content":{"rendered":"\r\n<p><strong>Lieber Ren\u00e9,<\/strong><br \/><strong>eine Ehrensache hier mitzumachen!<\/strong><br \/><strong>Ich stehe einer Organspende sehr offen gegen\u00fcber.<\/strong><br \/><strong>So wie ich anderen damit helfen k\u00f6nnte, w\u00e4re ich undenkbar dankbar wenn mir einer im schlimmsten Fall auch helfen k\u00f6nnte. Als aktiver Feuerwehrmann und in meinem pers\u00f6nlichen Umfeld habe ich schon oft erlebt, wie schnell sich Dinge von gestern auf heute \u00e4ndern k\u00f6nnen. Deswegen hoffe, dass ihr noch mehr Menschen erreichen k\u00f6nnt und das Thema Organspende mal zu einem \u201eSelbstl\u00e4ufer\u201c wird.<\/strong><\/p>\r\n<p><strong>In diesem Sinne alles Gute dir!<\/strong><\/p>\r\n<p><strong>Tobias Zirp<\/strong><\/p>\r\n<p><img loading=\"lazy\" class=\"alignnone size-medium wp-image-810\" src=\"https:\/\/www.wj-organspende.de\/wp-content\/uploads\/2019\/09\/zirp-226x300.jpg\" alt=\"\" width=\"226\" height=\"300\" srcset=\"https:\/\/www.wj-organspende.de\/wp-content\/uploads\/2019\/09\/zirp-226x300.jpg 226w, https:\/\/www.wj-organspende.de\/wp-content\/uploads\/2019\/09\/zirp-768x1021.jpg 768w, https:\/\/www.wj-organspende.de\/wp-content\/uploads\/2019\/09\/zirp.jpg 770w\" sizes=\"(max-width: 226px) 100vw, 226px\" \/><\/p>\r\n\r\n\r\n","protected":false},"excerpt":{"rendered":"<p><!-- wp:paragraph --><\/p>\n<p><strong>Lieber Ren\u00e9,<\/strong><br \/><strong>eine Ehrensache hier mitzumachen!<\/strong><br \/><strong>Ich stehe einer Organspende sehr offen gegen\u00fcber.<\/strong><br \/><strong>So wie ich anderen damit helfen k\u00f6nnte, w\u00e4re ich unde&#8230;<\/p>\n","protected":false},"author":2,"featured_media":810,"parent":0,"menu_order":0,"comment_status":"closed","ping_status":"closed","template":"","meta":[],"_links":{"self":[{"href":"https:\/\/www.wj-organspende.de\/de_DE\/wp-json\/wp\/v2\/pages\/809"}],"collection":[{"href":"https:\/\/www.wj-organspende.de\/de_DE\/wp-json\/wp\/v2\/pages"}],"about":[{"href":"https:\/\/www.wj-organspende.de\/de_DE\/wp-json\/wp\/v2\/types\/page"}],"author":[{"embeddable":true,"href":"https:\/\/www.wj-organspende.de\/de_DE\/wp-json\/wp\/v2\/users\/2"}],"replies":[{"embeddable":true,"href":"https:\/\/www.wj-organspende.de\/de_DE\/wp-json\/wp\/v2\/comments?post=809"}],"version-history":[{"count":1,"href":"https:\/\/www.wj-organspende.de\/de_DE\/wp-json\/wp\/v2\/pages\/809\/revisions"}],"predecessor-version":[{"id":811,"href":"https:\/\/www.wj-organspende.de\/de_DE\/wp-json\/wp\/v2\/pages\/809\/revisions\/811"}],"wp:featuredmedia":[{"embeddable":true,"href":"https:\/\/www.wj-organspende.de\/de_DE\/wp-json\/wp\/v2\/media\/810"}],"wp:attachment":[{"href":"https:\/\/www.wj-organspende.de\/de_DE\/wp-json\/wp\/v2\/media?parent=809"}],"curies":[{"name":"wp","href":"https:\/\/api.w.org\/{rel}","templated":true}]}}