{"id":812,"date":"2019-09-23T08:20:37","date_gmt":"2019-09-23T06:20:37","guid":{"rendered":"https:\/\/www.wj-organspende.de\/?page_id=812"},"modified":"2019-09-23T08:20:37","modified_gmt":"2019-09-23T06:20:37","slug":"lennart-ewers-testimonial","status":"publish","type":"page","link":"https:\/\/www.wj-organspende.de\/de_DE\/lennart-ewers-testimonial\/","title":{"rendered":"Lennart Ewers  (Testimonial)"},"content":{"rendered":"\r\n<p>Das Thema Organspende habe ich nie wirklich auf dem Zettel gehabt, bis ich vor einigen Jahren, w\u00e4hrend meines Auslandsaufenthaltes in Amerika mal Kontakt mit einem Schulkameraden hatte, der eine Niere brauchte. Ich habe mich damals sogar pr\u00fcfen lassen, ob ich als Spender in Frage komme.\u00a0<\/p>\r\n<p>Mir war aber bewusst, dass ich das Leben eines Jungen Menschen retten k\u00f6nnte, dass war ein tolles Gef\u00fchl!<\/p>\r\n<p>Als rauskam, dass ich ihm nicht helfen kann, ist das Thema wieder auf dem Abstellgleis gelandet und geriet in Vergessenheit. Ich habe schlicht weg nicht daran gedacht.\u00a0<\/p>\r\n<p>Ein paar Jahre sp\u00e4ter habe ich dann durchs Radio von einer Aktion geh\u00f6rt und sofort kam mir mein Schulfreund aus Amerika wieder in den Sinn. Ich informierte mich, wo ich einen Organspendeausweis Erhalten kann und bei dieser Recherche sind mir viele Artikel aufgefallen, die eher von Organspende abraten. Ich habe mir ein paar durch gelesen und habe richtig Angst bekommen. Darauf hin habe ich, mit dieser Sorge, mit meiner Freundin und einem befreundet P\u00e4rchen gesprochen. Die Stimmung war eher anti. Nach diesem Abend habe ich das Thema Organspende f\u00fcr mich abgehakt.\u00a0<\/p>\r\n<p>Bis zu dem Moment, wo Du, lieber Ren\u00e9, auf der HaKo 2019 in L\u00fcbeck auf der B\u00fchne standest.\u00a0<\/p>\r\n<p>Ich war am n\u00e4chsten Tag an dem Infostand und habe meine Bedenken ge\u00e4u\u00dfert und viele interessante Infos erhalten. Aber ich dachte mir: \u201elogisch, die wollen ja, dass ich mir einen Ausweis hole. Ich frage lieber noch ein paar mehr Leute und belese mich selbst weiter zu dem Thema\u201c.\u00a0<\/p>\r\n<p>Gesagt, getan!\u00a0<\/p>\r\n<p>Ich habe Wochenlang mit Menschen, die selbst einen Ausweis haben, sowie mit welchen die keinen haben, mit informierten Menschen und auch mit nicht informierten, mit \u00c4rzten und anderen Mitarbeitern aus Krankenh\u00e4usern und Praxen gesprochen und konnte so meine Bedenken immer weiter abbauen. Man merkt, dass je mehr Infos Menschen haben bzw. je gebildeter im Thema Organspendeausweis, Sie sind, desto eher haben Sie selbst einen Ausweis.\u00a0<\/p>\r\n<p>Heute freue ich mich auf meinen WJ Organspendeausweis und bin stolz, eine gute Tat getan zuhaben und die M\u00f6glichkeit zu haben evtl. Menschenleben zu retten.\u00a0<\/p>\r\n<p><strong>Lennart Ewers\u00a0<\/strong><\/p>\r\n<p><br \/><img loading=\"lazy\" class=\"alignnone size-medium wp-image-813\" src=\"https:\/\/www.wj-organspende.de\/wp-content\/uploads\/2019\/09\/ewers-300x200.jpg\" alt=\"\" width=\"300\" height=\"200\" srcset=\"https:\/\/www.wj-organspende.de\/wp-content\/uploads\/2019\/09\/ewers-300x200.jpg 300w, https:\/\/www.wj-organspende.de\/wp-content\/uploads\/2019\/09\/ewers-768x512.jpg 768w, https:\/\/www.wj-organspende.de\/wp-content\/uploads\/2019\/09\/ewers-1024x683.jpg 1024w, https:\/\/www.wj-organspende.de\/wp-content\/uploads\/2019\/09\/ewers-1232x822.jpg 1232w, https:\/\/www.wj-organspende.de\/wp-content\/uploads\/2019\/09\/ewers.jpg 1280w\" sizes=\"(max-width: 300px) 100vw, 300px\" \/><\/p>\r\n\r\n\r\n","protected":false},"excerpt":{"rendered":"<p><!-- wp:paragraph --><\/p>\n<p>Das Thema Organspende habe ich nie wirklich auf dem Zettel gehabt, bis ich vor einigen Jahren, w\u00e4hrend meines Auslandsaufenthaltes in Amerika mal Kontakt mit einem Schulkameraden hatte, der eine Niere brauchte. Ich habe mich&#8230;<\/p>\n","protected":false},"author":2,"featured_media":0,"parent":0,"menu_order":0,"comment_status":"closed","ping_status":"closed","template":"","meta":[],"_links":{"self":[{"href":"https:\/\/www.wj-organspende.de\/de_DE\/wp-json\/wp\/v2\/pages\/812"}],"collection":[{"href":"https:\/\/www.wj-organspende.de\/de_DE\/wp-json\/wp\/v2\/pages"}],"about":[{"href":"https:\/\/www.wj-organspende.de\/de_DE\/wp-json\/wp\/v2\/types\/page"}],"author":[{"embeddable":true,"href":"https:\/\/www.wj-organspende.de\/de_DE\/wp-json\/wp\/v2\/users\/2"}],"replies":[{"embeddable":true,"href":"https:\/\/www.wj-organspende.de\/de_DE\/wp-json\/wp\/v2\/comments?post=812"}],"version-history":[{"count":1,"href":"https:\/\/www.wj-organspende.de\/de_DE\/wp-json\/wp\/v2\/pages\/812\/revisions"}],"predecessor-version":[{"id":814,"href":"https:\/\/www.wj-organspende.de\/de_DE\/wp-json\/wp\/v2\/pages\/812\/revisions\/814"}],"wp:attachment":[{"href":"https:\/\/www.wj-organspende.de\/de_DE\/wp-json\/wp\/v2\/media?parent=812"}],"curies":[{"name":"wp","href":"https:\/\/api.w.org\/{rel}","templated":true}]}}