{"id":815,"date":"2019-09-23T08:22:19","date_gmt":"2019-09-23T06:22:19","guid":{"rendered":"https:\/\/www.wj-organspende.de\/?page_id=815"},"modified":"2019-09-24T12:51:46","modified_gmt":"2019-09-24T10:51:46","slug":"jana-hennings-testimonial","status":"publish","type":"page","link":"https:\/\/www.wj-organspende.de\/de_DE\/jana-hennings-testimonial\/","title":{"rendered":"Jana Hennings (Testimonial)"},"content":{"rendered":"\r\n<p>Hallo! Mein Name ist Jana Hennings. Ich habe mit den WJ nichts weiter zu tun, aber trotzdem eine Meinung zu dem Thema. <br \/><br \/>Ich habe mit 18 Jahren einen Organspendeausweis ausgef\u00fcllt. Damals habe ich das ohne viel Nachdenken gemacht: Wenn ich tot bin, m\u00f6chte ich noch etwas Gutes mit meinen Organen tun.<br \/><br \/>Das n\u00e4chste Mal wirklich mit dem Thema besch\u00e4ftigt habe ich mich, als in unserer Familie ein Kind mit einem schweren Herzfehler geboren wurde. Zum Gl\u00fcck waren Operationen ausreichend, damit er leben kann.<br \/>Aber was w\u00e4re wenn es anders gewesen w\u00e4re, es eines meiner Kinder gewesen w\u00e4re oder sogar ich auf eine Spende angewiesen w\u00e4re? Ich h\u00e4tte sofort ein Spenderorgan angenommen! Wenn ich eines annehmen w\u00fcrde, muss ich aber auch die Bereitschaft haben im Falle eines Falles auch zu spenden. Jeder sollte sich dessen bewusst sein und auch eine Entscheidung dar\u00fcber f\u00e4llen.<br \/><br \/>Mit Ren\u00e9 verbindet mich eine langj\u00e4hrige gute Freundschaft und ich habe seinen Krankheitsweg von Anfang an mitbekommen, mitgehofft und mitgelitten. Es zeigt, dass es jeden von uns treffen kann! Also, setzt Euch damit auseinander!<\/p>\r\n<p><img loading=\"lazy\" class=\"alignnone  wp-image-816\" src=\"https:\/\/www.wj-organspende.de\/wp-content\/uploads\/2019\/09\/jana-hennings-300x169.jpg\" alt=\"\" width=\"513\" height=\"289\" srcset=\"https:\/\/www.wj-organspende.de\/wp-content\/uploads\/2019\/09\/jana-hennings-300x169.jpg 300w, https:\/\/www.wj-organspende.de\/wp-content\/uploads\/2019\/09\/jana-hennings-768x432.jpg 768w, https:\/\/www.wj-organspende.de\/wp-content\/uploads\/2019\/09\/jana-hennings-1024x576.jpg 1024w, https:\/\/www.wj-organspende.de\/wp-content\/uploads\/2019\/09\/jana-hennings-1232x693.jpg 1232w, https:\/\/www.wj-organspende.de\/wp-content\/uploads\/2019\/09\/jana-hennings.jpg 1280w\" sizes=\"(max-width: 513px) 100vw, 513px\" \/><\/p>\r\n\r\n\r\n","protected":false},"excerpt":{"rendered":"<p><!-- wp:paragraph --><\/p>\n<p>Hallo! Mein Name ist Jana Hennings. Ich habe mit den WJ nichts weiter zu tun, aber trotzdem eine Meinung zu dem Thema. <\/p>\n<p>Ich habe mit 18 Jahren einen Organspendeausweis ausgef\u00fcllt. Damals habe ich das ohne viel Nac&#8230;<\/p>\n","protected":false},"author":2,"featured_media":0,"parent":0,"menu_order":0,"comment_status":"closed","ping_status":"closed","template":"","meta":[],"_links":{"self":[{"href":"https:\/\/www.wj-organspende.de\/de_DE\/wp-json\/wp\/v2\/pages\/815"}],"collection":[{"href":"https:\/\/www.wj-organspende.de\/de_DE\/wp-json\/wp\/v2\/pages"}],"about":[{"href":"https:\/\/www.wj-organspende.de\/de_DE\/wp-json\/wp\/v2\/types\/page"}],"author":[{"embeddable":true,"href":"https:\/\/www.wj-organspende.de\/de_DE\/wp-json\/wp\/v2\/users\/2"}],"replies":[{"embeddable":true,"href":"https:\/\/www.wj-organspende.de\/de_DE\/wp-json\/wp\/v2\/comments?post=815"}],"version-history":[{"count":3,"href":"https:\/\/www.wj-organspende.de\/de_DE\/wp-json\/wp\/v2\/pages\/815\/revisions"}],"predecessor-version":[{"id":819,"href":"https:\/\/www.wj-organspende.de\/de_DE\/wp-json\/wp\/v2\/pages\/815\/revisions\/819"}],"wp:attachment":[{"href":"https:\/\/www.wj-organspende.de\/de_DE\/wp-json\/wp\/v2\/media?parent=815"}],"curies":[{"name":"wp","href":"https:\/\/api.w.org\/{rel}","templated":true}]}}