{"id":82,"date":"2019-05-22T12:12:35","date_gmt":"2019-05-22T10:12:35","guid":{"rendered":"https:\/\/www.wj-organspende.de\/?page_id=82"},"modified":"2026-04-28T09:45:07","modified_gmt":"2026-04-28T07:45:07","slug":"impressum","status":"publish","type":"page","link":"https:\/\/www.wj-organspende.de\/de_DE\/impressum\/","title":{"rendered":"Impressum"},"content":{"rendered":"\r\n<h1>Impressum<\/h1>\r\n\r\n\r\n\r\n<h4>Angaben gem\u00e4\u00df \u00a7 5 TMG:<\/h4>\r\n\r\n\r\n\r\n<p>Kreis Junger Unternehmer Iserlohn e.V.<br \/>Corunnastra\u00dfe 1 \u2022 58636 Iserlohn<\/p>\r\n\r\n\r\n\r\n<h4>Vertreten durch den Vorstand:<\/h4>\r\n\r\n\r\n\r\n<p>Domenic Troilo<br \/>Jutta Gro\u00df<br \/>Jan Hebbinghaus<br \/>Sabrina Spille<br \/>Pauline D\u00f6rr<br \/>Maximilian Hell<br \/>Julian Gunter<br \/>Julian Vogel<br \/>Felix Klee<br \/>Frank Herrmann<br \/>Yvonne Filor-Knapwerth<\/p>\r\n\r\n\r\n\r\n<h4>Kontakt:<\/h4>\r\n\r\n\r\n\r\n<p>Telefon: 0 23 71-80 92 116<br \/>E-Mail: <a href=\"mailto:jutta.gross@hagen.ihk.de\">jutta.gross@hagen.ihk.de<\/a> <br \/><br \/>Registereintrag:<br \/>Eintragung im Vereinsregister.\u00a0<br \/>Registergericht: Amtsgericht Iserlohn\u00a0<br \/>Registernummer: VR 1073<\/p>\r\n\r\n\r\n\r\n<h4>Verantwortlich f\u00fcr den Inhalt nach \u00a7 55 Abs. 2 RStV:<\/h4>\r\n\r\n\r\n\r\n<p>Die Projektgruppe &#8222;WJ-Organspende&#8220; besteht aktuell aus<\/p>\r\n\r\n\r\n\r\n<ul>\r\n<li>Anna-Kathrin Troche<\/li>\r\n<li>Ren\u00e9 Els\u00e4sser<\/li>\r\n<li>Michael Joithe<\/li>\r\n<li>Patrik Schneega\u00df<\/li>\r\n<\/ul>\r\n\r\n\r\n\r\n<h4>Technische Umsetzung<\/h4>\r\n\r\n\r\n\r\n<figure class=\"wp-block-image is-resized\"><img loading=\"lazy\" class=\"wp-image-101 alignleft\" src=\"https:\/\/www.wj-organspende.de\/wp-content\/uploads\/2019\/05\/MAJ-Stempel2006-1024x303.jpg\" alt=\"\" width=\"437\" height=\"129\" srcset=\"https:\/\/www.wj-organspende.de\/wp-content\/uploads\/2019\/05\/MAJ-Stempel2006-1024x303.jpg 1024w, https:\/\/www.wj-organspende.de\/wp-content\/uploads\/2019\/05\/MAJ-Stempel2006-300x89.jpg 300w, https:\/\/www.wj-organspende.de\/wp-content\/uploads\/2019\/05\/MAJ-Stempel2006-768x227.jpg 768w, https:\/\/www.wj-organspende.de\/wp-content\/uploads\/2019\/05\/MAJ-Stempel2006-1232x364.jpg 1232w, https:\/\/www.wj-organspende.de\/wp-content\/uploads\/2019\/05\/MAJ-Stempel2006.jpg 1679w\" sizes=\"(max-width: 437px) 100vw, 437px\" \/><\/figure>\r\n\r\n\r\n\r\n<p>Die technische Umsetzung dieser Seite wird dem Betreiber von der Media Agentur Joithe (MAJ), Inhaber Michael Joithe, unentgeltlich als Spende zur Verf\u00fcgung gestellt. Die Verantwortung f\u00fcr den Inhalt obliegt einzig dem Betreiber dieser Webseite. Eine inhaltliche Pr\u00fcfung, insbesondere auf die Verletzung von Urheberrechten, Pers\u00f6nlichkeitsrechten oder Datenschutzbelangen findet seitens der MAJ nicht statt.<\/p>\r\n<h4>Streitschlichtung<\/h4>\r\n<p>Wir sind nicht bereit oder verpflichtet, an Streitbeilegungsverfahren vor einer Verbraucherschlichtungsstelle teilzunehmen.<\/p>\r\n<h4>Haftung f\u00fcr Inhalte<\/h4>\r\n<p>Als Diensteanbieter sind wir gem\u00e4\u00df \u00a7 7 Abs.1 TMG f\u00fcr eigene Inhalte auf diesen Seiten nach den allgemeinen Gesetzen verantwortlich. Nach \u00a7\u00a7 8 bis 10 TMG sind wir als Diensteanbieter jedoch nicht verpflichtet, \u00fcbermittelte oder gespeicherte fremde Informationen zu \u00fcberwachen oder nach Umst\u00e4nden zu forschen, die auf eine rechtswidrige T\u00e4tigkeit hinweisen.<\/p>\r\n<p>Verpflichtungen zur Entfernung oder Sperrung der Nutzung von Informationen nach den allgemeinen Gesetzen bleiben hiervon unber\u00fchrt <a href=\"https:\/\/starcasino-nl.com\/\">starcasino-nl.com<\/a>. Eine diesbez\u00fcgliche Haftung ist jedoch erst ab dem Zeitpunkt der Kenntnis einer konkreten Rechtsverletzung m\u00f6glich. Bei Bekanntwerden von entsprechenden Rechtsverletzungen werden wir diese Inhalte umgehend entfernen.<\/p>\r\n<h4>Haftung f\u00fcr Links<\/h4>\r\n<p>Unser Angebot enth\u00e4lt Links zu externen Websites Dritter, auf deren Inhalte wir keinen Einfluss haben. Deshalb k\u00f6nnen wir f\u00fcr diese fremden Inhalte auch keine Gew\u00e4hr \u00fcbernehmen. F\u00fcr die Inhalte der verlinkten Seiten ist stets der jeweilige Anbieter oder Betreiber der Seiten verantwortlich. Die verlinkten Seiten wurden zum Zeitpunkt der Verlinkung auf m\u00f6gliche Rechtsverst\u00f6\u00dfe \u00fcberpr\u00fcft. Rechtswidrige Inhalte waren zum Zeitpunkt der Verlinkung nicht erkennbar.<\/p>\r\n<p>Eine permanente inhaltliche Kontrolle der verlinkten Seiten ist jedoch ohne konkrete Anhaltspunkte einer Rechtsverletzung nicht zumutbar. Bei Bekanntwerden von Rechtsverletzungen werden wir derartige Links umgehend entfernen.<\/p>\r\n<h4>Urheberrecht<\/h4>\r\n<p>Die durch die Seitenbetreiber erstellten Inhalte und Werke auf diesen Seiten unterliegen dem deutschen Urheberrecht. Die Vervielf\u00e4ltigung, Bearbeitung, Verbreitung und jede Art der Verwertung au\u00dferhalb der Grenzen des Urheberrechtes bed\u00fcrfen der schriftlichen Zustimmung des jeweiligen Autors bzw. Erstellers. Downloads und Kopien dieser Seite sind nur f\u00fcr den privaten, nicht kommerziellen Gebrauch gestattet.<\/p>\r\n<p>Soweit die Inhalte auf dieser Seite nicht vom Betreiber erstellt wurden, werden die Urheberrechte Dritter beachtet. Insbesondere werden Inhalte Dritter als solche gekennzeichnet. Sollten Sie trotzdem auf eine Urheberrechtsverletzung aufmerksam werden, bitten wir um einen entsprechenden Hinweis. Bei Bekanntwerden von Rechtsverletzungen werden wir derartige Inhalte umgehend entfernen.<\/p>\r\n\r\n\r\n","protected":false},"excerpt":{"rendered":"<p><!-- wp:heading {\"level\":1} --><\/p>\n<h1>Impressum<\/h1>\n<p><!-- \/wp:heading --><\/p>\n<p><!-- wp:heading {\"level\":4} --><\/p>\n<h4>Angaben gem\u00e4\u00df \u00a7 5 TMG:<\/h4>\n<p><!-- \/wp:heading --><\/p>\n<p><!-- wp:paragraph --><\/p>\n<p>Kreis Junger Unternehmer Iserlohn e.V.<br \/>Corunnastra\u00dfe&#8230;<\/p>\n","protected":false},"author":2,"featured_media":0,"parent":0,"menu_order":0,"comment_status":"closed","ping_status":"closed","template":"","meta":[],"_links":{"self":[{"href":"https:\/\/www.wj-organspende.de\/de_DE\/wp-json\/wp\/v2\/pages\/82"}],"collection":[{"href":"https:\/\/www.wj-organspende.de\/de_DE\/wp-json\/wp\/v2\/pages"}],"about":[{"href":"https:\/\/www.wj-organspende.de\/de_DE\/wp-json\/wp\/v2\/types\/page"}],"author":[{"embeddable":true,"href":"https:\/\/www.wj-organspende.de\/de_DE\/wp-json\/wp\/v2\/users\/2"}],"replies":[{"embeddable":true,"href":"https:\/\/www.wj-organspende.de\/de_DE\/wp-json\/wp\/v2\/comments?post=82"}],"version-history":[{"count":27,"href":"https:\/\/www.wj-organspende.de\/de_DE\/wp-json\/wp\/v2\/pages\/82\/revisions"}],"predecessor-version":[{"id":1002,"href":"https:\/\/www.wj-organspende.de\/de_DE\/wp-json\/wp\/v2\/pages\/82\/revisions\/1002"}],"wp:attachment":[{"href":"https:\/\/www.wj-organspende.de\/de_DE\/wp-json\/wp\/v2\/media?parent=82"}],"curies":[{"name":"wp","href":"https:\/\/api.w.org\/{rel}","templated":true}]}}