{"id":820,"date":"2019-09-23T09:39:46","date_gmt":"2019-09-23T07:39:46","guid":{"rendered":"https:\/\/www.wj-organspende.de\/?page_id=820"},"modified":"2019-09-23T09:39:46","modified_gmt":"2019-09-23T07:39:46","slug":"christina-floeter-testimonial","status":"publish","type":"page","link":"https:\/\/www.wj-organspende.de\/de_DE\/christina-floeter-testimonial\/","title":{"rendered":"Christina Fl\u00f6ter (Testimonial)"},"content":{"rendered":"\r\n<p>Abi in der Tasche-jetzt kann das Leben starten! So haben wir damals gedacht. Doch dann kam der Anruf-zwei Wochen nach dem Abiball. Meine beste Freundin lag mit pl\u00f6tzlichen Gehirnblutungen (genetisch bedingt) im Krankenhaus im Koma und es sah nicht gut aus. In diesem Moment geht dir viel im Kopf rum-was passiert jetzt? H\u00e4lt sie durch?<\/p>\r\n<p>Unsere Pl\u00e4ne f\u00fcr die Zeit nach der Schule? Doch es war schon zu sp\u00e4t. Keine 24 Stunden sp\u00e4ter stand fest, sie ist hirntot und werde nicht mehr aufwachen. Schock-alles ist vorbei? Es sollte doch alles erst anfangen? Ein kleiner Hoffnungsschimmer in diesen dunklen Tagen war jedoch, als die Mutter meiner Freundin mir berichtete, dass ihr letzter Wille erf\u00fcllt wurde.<\/p>\r\n<p>Letzter Wille einer 19-J\u00e4hrigen? Mit 16 hatten meine Freundin und ich nicht nur diesen kleinen Papierausweis ausgef\u00fcllt, sondern auch unseren Familien klar mitgeteilt, das wir unsere Organe spenden wollten-wenn der Fall der F\u00e4lle eintreffen sollte. Der Tod war ein Schock-f\u00fcr die Familie meiner Freundin und f\u00fcr mich. Aber es war ein sch\u00f6nes Gef\u00fchl, dass dieser nicht vollkommen umsonst war und einige Menschen dadurch eine neue Chance hatten.<\/p>\r\n<p>Denn damals f\u00fcr sie und noch heute f\u00fcr mich, ist Organspende eine wichtige und richtige Entscheidung-manchmal auch um den pl\u00f6tzlichen Tod eines lieben Menschen besser verkraften zu k\u00f6nnen.<\/p>\r\n<p><strong>Christina Fl\u00f6ter<\/strong><\/p>\r\n<p>&nbsp;<\/p>\r\n\r\n\r\n","protected":false},"excerpt":{"rendered":"<p><!-- wp:paragraph --><\/p>\n<p>Abi in der Tasche-jetzt kann das Leben starten! So haben wir damals gedacht. Doch dann kam der Anruf-zwei Wochen nach dem Abiball. Meine beste Freundin lag mit pl\u00f6tzlichen Gehirnblutungen (genetisch bedingt) im Krankenhaus i&#8230;<\/p>\n","protected":false},"author":2,"featured_media":0,"parent":0,"menu_order":0,"comment_status":"closed","ping_status":"closed","template":"","meta":[],"_links":{"self":[{"href":"https:\/\/www.wj-organspende.de\/de_DE\/wp-json\/wp\/v2\/pages\/820"}],"collection":[{"href":"https:\/\/www.wj-organspende.de\/de_DE\/wp-json\/wp\/v2\/pages"}],"about":[{"href":"https:\/\/www.wj-organspende.de\/de_DE\/wp-json\/wp\/v2\/types\/page"}],"author":[{"embeddable":true,"href":"https:\/\/www.wj-organspende.de\/de_DE\/wp-json\/wp\/v2\/users\/2"}],"replies":[{"embeddable":true,"href":"https:\/\/www.wj-organspende.de\/de_DE\/wp-json\/wp\/v2\/comments?post=820"}],"version-history":[{"count":1,"href":"https:\/\/www.wj-organspende.de\/de_DE\/wp-json\/wp\/v2\/pages\/820\/revisions"}],"predecessor-version":[{"id":821,"href":"https:\/\/www.wj-organspende.de\/de_DE\/wp-json\/wp\/v2\/pages\/820\/revisions\/821"}],"wp:attachment":[{"href":"https:\/\/www.wj-organspende.de\/de_DE\/wp-json\/wp\/v2\/media?parent=820"}],"curies":[{"name":"wp","href":"https:\/\/api.w.org\/{rel}","templated":true}]}}