{"id":908,"date":"2019-10-15T13:49:36","date_gmt":"2019-10-15T11:49:36","guid":{"rendered":"https:\/\/www.wj-organspende.de\/?page_id=908"},"modified":"2019-10-16T13:44:02","modified_gmt":"2019-10-16T11:44:02","slug":"uenterstuetzer","status":"publish","type":"page","link":"https:\/\/www.wj-organspende.de\/de_DE\/uenterstuetzer\/","title":{"rendered":"\u00dcnterst\u00fctzer"},"content":{"rendered":"\n<h4>Es ist an der Zeit DANKE zu sagen!<br \/><br \/>Wir k\u00f6nnten dieses Projekt nicht stemmen, wenn nicht ganz viele Menschen, Verb\u00e4nde oder Unternehmen uns dabei unterst\u00fctzen w\u00fcrden.<\/h4>\n\n<h2><strong>DANKE<\/strong> f\u00fcr die Unterst\u00fctzung!<\/h2>\n\n<h4>Dabe geht es gar nicht immer um Geld. Vielmehr um Sachleistungen oder einfach ZEIT.<br \/><br \/>Sei es, dass Infrastruktur zur Verf\u00fcgung gestellt wird oder einfach Arbeitszeit der Mitarbeiter, um f\u00fcr WJ-Organspende w\u00e4hrend der regul\u00e4ren Arbeitszeit aktiv zu sein.<\/h4>\n\n<h2>Wir sagen Danke bei:<\/h2>\n<h6><em>(in alphabetischer Reihenfolge)<\/em><\/h6>\n\n<h4>Anett Klose<\/h4>\n\n<figure class=\"wp-block-image is-resized\"><a href=\"https:\/\/www.klosedesign.de\" target=\"_blank\" rel=\"noreferrer noopener\"><img loading=\"lazy\" class=\"wp-image-912 alignleft\" src=\"https:\/\/www.wj-organspende.de\/wp-content\/uploads\/2019\/10\/logo-ak-2019-rgb.png\" alt=\"\" width=\"350\" height=\"114\" srcset=\"https:\/\/www.wj-organspende.de\/wp-content\/uploads\/2019\/10\/logo-ak-2019-rgb.png 600w, https:\/\/www.wj-organspende.de\/wp-content\/uploads\/2019\/10\/logo-ak-2019-rgb-300x98.png 300w\" sizes=\"(max-width: 350px) 100vw, 350px\" \/><\/a><\/figure>\n<hr \/>\n<h4>B&amp;D Bauwerkssanierung GmbH<\/h4>\n\n<figure class=\"wp-block-image is-resized\"><a href=\"http:\/\/www.bd-bauwerkssanierung.de\" target=\"_blank\" rel=\"noreferrer noopener\"><img loading=\"lazy\" class=\"wp-image-914 alignleft\" src=\"https:\/\/www.wj-organspende.de\/wp-content\/uploads\/2019\/10\/bd.gif\" alt=\"\" width=\"236\" height=\"177\" \/><\/a><\/figure>\n<hr \/>\n<h4>geldsetzer &amp; sch\u00e4fers GmbH<\/h4>\n<p>\u00a0<\/p>\n<h4><a href=\"https:\/\/www.geldsetzer.de\" target=\"_blank\" rel=\"noopener noreferrer\"><img loading=\"lazy\" class=\"alignnone wp-image-942 size-medium\" src=\"https:\/\/www.wj-organspende.de\/wp-content\/uploads\/2019\/10\/gs-e1571226072142-300x300.jpg\" alt=\"\" width=\"300\" height=\"300\" srcset=\"https:\/\/www.wj-organspende.de\/wp-content\/uploads\/2019\/10\/gs-e1571226072142-300x300.jpg 300w, https:\/\/www.wj-organspende.de\/wp-content\/uploads\/2019\/10\/gs-e1571226072142-150x150.jpg 150w, https:\/\/www.wj-organspende.de\/wp-content\/uploads\/2019\/10\/gs-e1571226072142.jpg 720w\" sizes=\"(max-width: 300px) 100vw, 300px\" \/><\/a><\/h4>\n<hr \/>\n<h4>Industriereifen Mirgeler GmbH<\/h4>\n\n<figure class=\"wp-block-image is-resized\"><a href=\"https:\/\/www.mirgeler.de\" target=\"_blank\" rel=\"noreferrer noopener\"><img loading=\"lazy\" class=\"wp-image-913 alignleft\" src=\"https:\/\/www.wj-organspende.de\/wp-content\/uploads\/2019\/10\/Mirgeler_Logo_2011_farbig-962x1024.gif\" alt=\"\" width=\"334\" height=\"355\" srcset=\"https:\/\/www.wj-organspende.de\/wp-content\/uploads\/2019\/10\/Mirgeler_Logo_2011_farbig-962x1024.gif 962w, https:\/\/www.wj-organspende.de\/wp-content\/uploads\/2019\/10\/Mirgeler_Logo_2011_farbig-282x300.gif 282w, https:\/\/www.wj-organspende.de\/wp-content\/uploads\/2019\/10\/Mirgeler_Logo_2011_farbig-768x818.gif 768w, https:\/\/www.wj-organspende.de\/wp-content\/uploads\/2019\/10\/Mirgeler_Logo_2011_farbig-1232x1312.gif 1232w, https:\/\/www.wj-organspende.de\/wp-content\/uploads\/2019\/10\/Mirgeler_Logo_2011_farbig-1014x1080.gif 1014w\" sizes=\"(max-width: 334px) 100vw, 334px\" \/><\/a><\/figure>\n<hr \/>\n<h4>Kreis Junger Unternehmer Iserlohn (WJ KJU Iserlohn)<\/h4>\n<p><strong><\/strong><\/p>\n<figure class=\"wp-block-image is-resized\"><a href=\"http:\/\/www.kju-iserlohn.de\" target=\"_blank\" rel=\"noopener noreferrer\"><img loading=\"lazy\" class=\"alignleft wp-image-939 size-full\" src=\"https:\/\/www.wj-organspende.de\/wp-content\/uploads\/2019\/10\/KJU.png\" alt=\"\" width=\"213\" height=\"60\" \/><\/a><\/figure>\n<hr \/>\n<h4>Paterson Languages<\/h4>\n<p><strong><\/strong><\/p>\n<figure class=\"wp-block-image is-resized\"><a href=\"https:\/\/www.paterson-languages.de\/\" target=\"_blank\" rel=\"noopener noreferrer\"><img loading=\"lazy\" class=\"alignleft wp-image-933 size-full\" src=\"https:\/\/www.wj-organspende.de\/wp-content\/uploads\/2019\/10\/Paterson.jpeg\" alt=\"\" width=\"267\" height=\"115\" \/><\/a><\/figure>\n<hr \/>\n<h4>Senatorenvereinigung \u00d6sterreich<\/h4>\n<p><strong><\/strong><\/p>\n<figure class=\"wp-block-image is-resized\"><a href=\"https:\/\/www.senatoren.at\" target=\"_blank\" rel=\"noopener noreferrer\"><img loading=\"lazy\" class=\"alignleft wp-image-927 size-full\" src=\"https:\/\/www.wj-organspende.de\/wp-content\/uploads\/2019\/10\/Senate-Austria.jpg\" alt=\"\" width=\"853\" height=\"147\" srcset=\"https:\/\/www.wj-organspende.de\/wp-content\/uploads\/2019\/10\/Senate-Austria.jpg 853w, https:\/\/www.wj-organspende.de\/wp-content\/uploads\/2019\/10\/Senate-Austria-300x52.jpg 300w, https:\/\/www.wj-organspende.de\/wp-content\/uploads\/2019\/10\/Senate-Austria-768x132.jpg 768w\" sizes=\"(max-width: 853px) 100vw, 853px\" \/><\/a><\/figure>\n","protected":false},"excerpt":{"rendered":"<p><!-- wp:heading {\"level\":4} --><\/p>\n<h4>Es ist an der Zeit DANKE zu sagen!<\/p>\n<p>Wir k\u00f6nnten dieses Projekt nicht stemmen, wenn nicht ganz viele Menschen, Verb\u00e4nde oder Unternehmen uns dabei unterst\u00fctzen w\u00fcrden.<\/h4>\n<p><!-- \/wp:heading --><!-- wp:head...\n<\/p>\n","protected":false},"author":2,"featured_media":0,"parent":0,"menu_order":0,"comment_status":"closed","ping_status":"closed","template":"","meta":[],"_links":{"self":[{"href":"https:\/\/www.wj-organspende.de\/de_DE\/wp-json\/wp\/v2\/pages\/908"}],"collection":[{"href":"https:\/\/www.wj-organspende.de\/de_DE\/wp-json\/wp\/v2\/pages"}],"about":[{"href":"https:\/\/www.wj-organspende.de\/de_DE\/wp-json\/wp\/v2\/types\/page"}],"author":[{"embeddable":true,"href":"https:\/\/www.wj-organspende.de\/de_DE\/wp-json\/wp\/v2\/users\/2"}],"replies":[{"embeddable":true,"href":"https:\/\/www.wj-organspende.de\/de_DE\/wp-json\/wp\/v2\/comments?post=908"}],"version-history":[{"count":31,"href":"https:\/\/www.wj-organspende.de\/de_DE\/wp-json\/wp\/v2\/pages\/908\/revisions"}],"predecessor-version":[{"id":947,"href":"https:\/\/www.wj-organspende.de\/de_DE\/wp-json\/wp\/v2\/pages\/908\/revisions\/947"}],"wp:attachment":[{"href":"https:\/\/www.wj-organspende.de\/de_DE\/wp-json\/wp\/v2\/media?parent=908"}],"curies":[{"name":"wp","href":"https:\/\/api.w.org\/{rel}","templated":true}]}}