{"id":955,"date":"2020-05-15T15:29:04","date_gmt":"2020-05-15T13:29:04","guid":{"rendered":"https:\/\/www.wj-organspende.de\/?page_id=955"},"modified":"2020-05-15T15:29:33","modified_gmt":"2020-05-15T13:29:33","slug":"vincent-sander-testimonial","status":"publish","type":"page","link":"https:\/\/www.wj-organspende.de\/de_DE\/vincent-sander-testimonial\/","title":{"rendered":"Vincent Sander (Testimonial)"},"content":{"rendered":"<p>Vor gut 6 Jahren habe ich mich das erste Mal konkret mit dem Thema Organspende auseinandergesetzt. Ich hatte mich damals gerade selbstst\u00e4ndig gemacht und mich mit der Finanziellen Absicherung meiner Familie und der Nachfolgeregelung meiner Firma im Falle meines Todes bzw. Arbeitsunf\u00e4higkeit besch\u00e4ftig. Unangenehme Themen f\u00fcr einen 30-j\u00e4hrigen, aber notwendig f\u00fcr jeden Unternehmer mit Weitblick.<\/p>\n<p><img loading=\"lazy\" class=\"wp-image-956 aligncenter\" src=\"https:\/\/www.wj-organspende.de\/wp-content\/uploads\/2020\/05\/0847ed5a-c2e9-40b0-8e1e-01f371e0eb55-225x300.jpg\" alt=\"\" width=\"270\" height=\"360\" srcset=\"https:\/\/www.wj-organspende.de\/wp-content\/uploads\/2020\/05\/0847ed5a-c2e9-40b0-8e1e-01f371e0eb55-225x300.jpg 225w, https:\/\/www.wj-organspende.de\/wp-content\/uploads\/2020\/05\/0847ed5a-c2e9-40b0-8e1e-01f371e0eb55.jpg 768w\" sizes=\"(max-width: 270px) 100vw, 270px\" \/><\/p>\n<p>Da ich eine Regelung f\u00fcr meine Firmen getroffen hatte, wie es nach meinem Ableben weiter gehen soll, kam ich auf die Idee meiner Familie auch noch weitere, wahrscheinlich schwere Fragen, abzunehmen. Patientenverf\u00fcgung und Organspende.<\/p>\n<p>F\u00fcr meine Frau und mich war das Thema Organspende irgendwie selbstverst\u00e4ndlich. Was soll ich denn noch mit den Organen, bin ja eh nicht mehr da!<br \/>\nAls Unternehmer unterst\u00fctze ich gern soziale und caritative Einrichtungen. Mit einer Organspende unterst\u00fctze ich bis zu 7 Menschen direkt und unz\u00e4hlige Familienangeh\u00f6rige und Freunde und zwar mit einem der wertvollsten Dinge, die ein Mensch besitzt, seinem Leben.<\/p>\n<p>Mittlerweile bin ich 36 Jahre alt und seit 6 Jahren selbstst\u00e4ndig. Vor gut 4 Jahren habe ich eine weitere Firma zugekauft. Der alte Inhaber war schwer krank und ben\u00f6tigte eine Organspende. Aufgrund seiner Krankheit konnte er seine Firma nicht mehr weiterf\u00fchren. Es gab auch keine Nachfolgeregelung und h\u00e4tte diese Firma nicht zum damaligen Zeitpunkt eine gute Erg\u00e4nzung zu unserem Gesch\u00e4ft abgegeben w\u00e4re die Firma heute wahrscheinlich geschlossen.<\/p>\n<p>F\u00fcr mich war es eine Chance und eine Best\u00e4tigung zu gleich. Die gesch\u00e4ftliche Chance, das Gesch\u00e4ftsfeld zu erweitern und die pers\u00f6nliche Best\u00e4tigung, dass ich mit allen Vorsorgen, die ich als 30-j\u00e4hriger getroffen habe, richtig lag. Aber viel mehr noch das eine Organspende Leben rettet und im \u00fcbertragenden Sinn auch das der Angeh\u00f6rigen und f\u00fcr die der Empf\u00e4nger verantwortlich ist.<\/p>\n<p>Vincent Sander<br \/>\nWJ-Lippe<br \/>\nLandesvorstand WJ NRW \u2013 Ressort Unternehmertum<\/p>\n","protected":false},"excerpt":{"rendered":"<p>Vor gut 6 Jahren habe ich mich das erste Mal konkret mit dem Thema Organspende auseinandergesetzt. Ich hatte mich damals gerade selbstst\u00e4ndig gemacht und mich mit der Finanziellen Absicherung meiner Familie und der Nachfolgeregelung meiner Firma im F&#8230;<\/p>\n","protected":false},"author":2,"featured_media":0,"parent":0,"menu_order":0,"comment_status":"closed","ping_status":"closed","template":"","meta":[],"_links":{"self":[{"href":"https:\/\/www.wj-organspende.de\/de_DE\/wp-json\/wp\/v2\/pages\/955"}],"collection":[{"href":"https:\/\/www.wj-organspende.de\/de_DE\/wp-json\/wp\/v2\/pages"}],"about":[{"href":"https:\/\/www.wj-organspende.de\/de_DE\/wp-json\/wp\/v2\/types\/page"}],"author":[{"embeddable":true,"href":"https:\/\/www.wj-organspende.de\/de_DE\/wp-json\/wp\/v2\/users\/2"}],"replies":[{"embeddable":true,"href":"https:\/\/www.wj-organspende.de\/de_DE\/wp-json\/wp\/v2\/comments?post=955"}],"version-history":[{"count":2,"href":"https:\/\/www.wj-organspende.de\/de_DE\/wp-json\/wp\/v2\/pages\/955\/revisions"}],"predecessor-version":[{"id":958,"href":"https:\/\/www.wj-organspende.de\/de_DE\/wp-json\/wp\/v2\/pages\/955\/revisions\/958"}],"wp:attachment":[{"href":"https:\/\/www.wj-organspende.de\/de_DE\/wp-json\/wp\/v2\/media?parent=955"}],"curies":[{"name":"wp","href":"https:\/\/api.w.org\/{rel}","templated":true}]}}