{"id":729,"date":"2019-08-09T08:00:03","date_gmt":"2019-08-09T06:00:03","guid":{"rendered":"https:\/\/www.wj-organspende.de\/?page_id=729"},"modified":"2019-08-09T08:00:03","modified_gmt":"2019-08-09T06:00:03","slug":"constance-classen-testimonial","status":"publish","type":"page","link":"https:\/\/www.wj-organspende.de\/en_US\/constance-classen-testimonial\/","title":{"rendered":"Constance Classen (Testimonial)"},"content":{"rendered":"<p>Wie der Heartseeker beim Zauberer von Oz erkannte braucht man ein Herz um gl\u00fccklich zu sein, denn der Verstand macht nicht gl\u00fccklich. Wir ben\u00f6tigen unsere Organe um wirklich leben zu k\u00f6nnen.<\/p>\n<p><img loading=\"lazy\" class=\"alignnone size-medium wp-image-730\" src=\"https:\/\/www.wj-organspende.de\/wp-content\/uploads\/2019\/08\/Constance-300x162.jpeg\" alt=\"\" width=\"300\" height=\"162\" srcset=\"https:\/\/www.wj-organspende.de\/wp-content\/uploads\/2019\/08\/Constance-300x162.jpeg 300w, https:\/\/www.wj-organspende.de\/wp-content\/uploads\/2019\/08\/Constance-768x414.jpeg 768w, https:\/\/www.wj-organspende.de\/wp-content\/uploads\/2019\/08\/Constance-1024x552.jpeg 1024w, https:\/\/www.wj-organspende.de\/wp-content\/uploads\/2019\/08\/Constance-1232x664.jpeg 1232w, https:\/\/www.wj-organspende.de\/wp-content\/uploads\/2019\/08\/Constance.jpeg 1600w\" sizes=\"(max-width: 300px) 100vw, 300px\" \/><\/p>\n<p>Das Bild zeigt mich auf 2.500 H\u00f6henmetern bei einer kurzen Rast w\u00e4hrend der Alpen\u00fcberquerung.<\/p>\n<p>Ohne gute Organe sind solche Herausforderungen nicht m\u00f6glich und f\u00fcr mich ein Leben nicht lebenswert. Als Motorrad Fahrerin ist es f\u00fcr mich klar meine Organe zu spenden, denn wenn ich sterbe ben\u00f6tige ich Sie sowieso nicht mehr&#8230;denn neben dem Leben steht nun auch immer der Tod.<\/p>\n<p>Ich passe gut auf sie auf und pflege sie, so dass ich, wenn ich sie nicht mehr ben\u00f6tige, jemand anderes Leben wieder lebenswert machen kann.<\/p>\n","protected":false},"excerpt":{"rendered":"<p>Wie der Heartseeker beim Zauberer von Oz erkannte braucht man ein Herz um gl\u00fccklich zu sein, denn der Verstand macht nicht gl\u00fccklich. Wir ben\u00f6tigen unsere Organe um wirklich leben zu k\u00f6nnen. Das Bild zeigt mich auf 2.500 H\u00f6henmetern bei einer kurzen Rast w\u00e4hrend der Alpen\u00fcberquerung. Ohne gute Organe sind solche Herausforderungen nicht m\u00f6glich und f\u00fcr&nbsp;&hellip;<\/p>\n","protected":false},"author":2,"featured_media":730,"parent":0,"menu_order":0,"comment_status":"closed","ping_status":"closed","template":"","meta":[],"_links":{"self":[{"href":"https:\/\/www.wj-organspende.de\/en_US\/wp-json\/wp\/v2\/pages\/729"}],"collection":[{"href":"https:\/\/www.wj-organspende.de\/en_US\/wp-json\/wp\/v2\/pages"}],"about":[{"href":"https:\/\/www.wj-organspende.de\/en_US\/wp-json\/wp\/v2\/types\/page"}],"author":[{"embeddable":true,"href":"https:\/\/www.wj-organspende.de\/en_US\/wp-json\/wp\/v2\/users\/2"}],"replies":[{"embeddable":true,"href":"https:\/\/www.wj-organspende.de\/en_US\/wp-json\/wp\/v2\/comments?post=729"}],"version-history":[{"count":1,"href":"https:\/\/www.wj-organspende.de\/en_US\/wp-json\/wp\/v2\/pages\/729\/revisions"}],"predecessor-version":[{"id":731,"href":"https:\/\/www.wj-organspende.de\/en_US\/wp-json\/wp\/v2\/pages\/729\/revisions\/731"}],"wp:featuredmedia":[{"embeddable":true,"href":"https:\/\/www.wj-organspende.de\/en_US\/wp-json\/wp\/v2\/media\/730"}],"wp:attachment":[{"href":"https:\/\/www.wj-organspende.de\/en_US\/wp-json\/wp\/v2\/media?parent=729"}],"curies":[{"name":"wp","href":"https:\/\/api.w.org\/{rel}","templated":true}]}}